{"id":792,"date":"2021-06-08T00:36:08","date_gmt":"2021-06-07T22:36:08","guid":{"rendered":"https:\/\/www.bubblesforearth.com\/?post_type=product&#038;p=792"},"modified":"2025-09-17T14:49:37","modified_gmt":"2025-09-17T12:49:37","slug":"sauve-savon","status":"publish","type":"product","link":"https:\/\/www.bubblesforearth.com\/en\/produit\/sauve-savon","title":{"rendered":"Sauve-Savon"},"content":{"rendered":"","protected":false},"excerpt":{"rendered":"<p>Le sauve-savon est fabriqu\u00e9 \u00e0 Auvers-sur-oise par une artisante, <a href=\"https:\/\/ateliermontcel.bigcartel.com\/\" target=\"_blank\" rel=\"noopener\">Atelier Montcel<\/a> .<br \/>\nIl est fait au crochet avec du chanvre naturel europ\u00e9en et la petite lani\u00e8re de couleur (al\u00e9atoire) est en lin cir\u00e9.<\/p>\n<p>Cet accessoire est multi-usage:<br \/>\n\u2013 Porte-savon \u00e0 accrocher dans la douche ou la baignoire<br \/>\n\u2013 Fleur de douche naturelle, il suffit de mettre votre savon dedans et de mouiller. Vous pourrez jeter votre fleur de douche en plastique<br \/>\n\u2013 Pochette de transport de vos savons lors de vos d\u00e9placements<\/p>\n<p>&nbsp;<\/p>\n","protected":false},"featured_media":2194,"comment_status":"open","ping_status":"closed","template":"","meta":[],"product_brand":[],"product_cat":[30,31],"product_tag":[],"class_list":{"0":"post-792","1":"product","2":"type-product","3":"status-publish","6":"product_cat-accessoires","7":"product_cat-porte-savons","9":"first","10":"outofstock","11":"sold-individually","12":"taxable","13":"shipping-taxable","14":"product-type-variable"},"jetpack_likes_enabled":false,"jetpack_sharing_enabled":true,"_links":{"self":[{"href":"https:\/\/www.bubblesforearth.com\/en\/wp-json\/wp\/v2\/product\/792","targetHints":{"allow":["GET"]}}],"collection":[{"href":"https:\/\/www.bubblesforearth.com\/en\/wp-json\/wp\/v2\/product"}],"about":[{"href":"https:\/\/www.bubblesforearth.com\/en\/wp-json\/wp\/v2\/types\/product"}],"replies":[{"embeddable":true,"href":"https:\/\/www.bubblesforearth.com\/en\/wp-json\/wp\/v2\/comments?post=792"}],"wp:featuredmedia":[{"embeddable":true,"href":"https:\/\/www.bubblesforearth.com\/en\/wp-json\/wp\/v2\/media\/2194"}],"wp:attachment":[{"href":"https:\/\/www.bubblesforearth.com\/en\/wp-json\/wp\/v2\/media?parent=792"}],"wp:term":[{"taxonomy":"product_brand","embeddable":true,"href":"https:\/\/www.bubblesforearth.com\/en\/wp-json\/wp\/v2\/product_brand?post=792"},{"taxonomy":"product_cat","embeddable":true,"href":"https:\/\/www.bubblesforearth.com\/en\/wp-json\/wp\/v2\/product_cat?post=792"},{"taxonomy":"product_tag","embeddable":true,"href":"https:\/\/www.bubblesforearth.com\/en\/wp-json\/wp\/v2\/product_tag?post=792"}],"curies":[{"name":"wp","href":"https:\/\/api.w.org\/{rel}","templated":true}]}}