{"id":2926,"date":"2025-09-29T16:30:59","date_gmt":"2025-09-29T14:30:59","guid":{"rendered":"https:\/\/www.bubblesforearth.com\/?post_type=product&#038;p=2926"},"modified":"2026-02-13T12:29:09","modified_gmt":"2026-02-13T10:29:09","slug":"savon-rasage-menthe-ciste-declasse","status":"publish","type":"product","link":"https:\/\/www.bubblesforearth.com\/en\/produit\/savon-rasage-menthe-ciste-declasse","title":{"rendered":"Savon Rasage Menthe Ciste Declasse"},"content":{"rendered":"<p>Le savon de rasage menthe ciste Bubbles For Earth vous permet de remplacer votre mousse \u00e0 raser. Utilisable sur le visage, cr\u00e2ne, corps et jambes.<br \/>\nNous conseillons un blaireau de rasage afin de profiter d&#8217;une mousse bien g\u00e9n\u00e9reuse.<\/p>\n<p>Son odeur de menthe poivr\u00e9e agr\u00e9ment\u00e9e de ciste (odeur bois\u00e9e) vous apportera de la fra\u00eecheur .<\/p>\n<p>La ciste ladanif\u00e8re est apparemment utile pour les petites coupures.<\/p>\n<p>Il fait aussi apr\u00e8s-rasage, en simplement le passant sur la peau fra\u00eechement ras\u00e9e.<\/p>\n<p>Ingr\u00e9dients: Huile de noix de coco*, Beurre de Karit\u00e9*, Huile de Colza* , Huile de ricin*, Huile essentielle de menthe poivr\u00e9e*, Huile d&#8217;argan*, Argile Verte, Huile essentielle de ciste*<\/p>\n<p>*issus de l&#8217;agriculture biologique<\/p>\n<p>INCI: Sodium Cocoate, Sodium Shea Butterate, Sodium Rapeseedate, Sodium Castorate, Aqua, Glycerin, Mentha Piperita Oil, Sodium Arganate, Cocos Nucifera Oil, Butyrospermum Parkii Butter, Brassica Campestris Seed Oil, Ricinus Communis Seed Oil, Montmorillonite, Tocopherol, Cistus Ladaniferus Oil, Helianthus Annuus Seed Oil, Argania Spinosa Kernel Oil, Alpha-terpinene*, Beta-caryophyllene*, Limonene*, Linalool*, Menthol*, Pinene*, Terpineol* *pr\u00e9sent dans les huiles essentielles<\/p>\n<p>Poids: 85 grammes<\/p>\n","protected":false},"excerpt":{"rendered":"<p><strong>CE SAVON EST DECLASSE CELA VEUT DIRE QUE:<\/strong><br \/>\n<strong>\u2013 Son poids n\u2019est pas \u00e0 85g mais peut \u00eatre inf\u00e9rieur ou sup\u00e9rieur (pas au-dessous de 80g)<\/strong><br \/>\n<strong>\u2013 Son aspect peut \u00eatre diff\u00e9rent (trous, d\u00e9but de savon, trace prononc\u00e9e du moule)<br \/>\n\u2013 La photo pr\u00e9sent\u00e9e est la photo du savon sous sa forme classique, le savon que vous allez recevoir aura probablement des diff\u00e9rences.<\/strong><\/p>\n<p><strong>Toutefois, il conserve les m\u00eames propri\u00e9t\u00e9s que son \u00e9quivalent classique et cela \u00e9vite un d\u00e9chet \u00e0 la savonnerie.\u00a0<\/strong><\/p>\n<p>Le savon de rasage menthe ciste Bubbles For Earth vous permet de remplacer votre mousse \u00e0 raser. Utilisable sur le visage, cr\u00e2ne, corps et jambes.<br \/>\nNous conseillons un blaireau de rasage afin de profiter d&#8217;une mousse bien g\u00e9n\u00e9reuse.<\/p>\n<p>Son odeur de menthe poivr\u00e9e agr\u00e9ment\u00e9e de ciste (odeur bois\u00e9e) vous apportera de la fra\u00eecheur .<\/p>\n<p>La ciste ladanif\u00e8re est apparemment utile pour les petites coupures.<\/p>\n<p>Il fait aussi apr\u00e8s-rasage, en simplement le passant sur la peau fra\u00eechement ras\u00e9e.<\/p>\n","protected":false},"featured_media":2806,"comment_status":"open","ping_status":"closed","template":"","meta":[],"product_brand":[],"product_cat":[38,20,39,41],"product_tag":[],"class_list":{"0":"post-2926","1":"product","2":"type-product","3":"status-publish","6":"product_cat-declasses","7":"product_cat-savons-bio-avec-huiles-essentielles","8":"product_cat-savons-declasses","9":"product_cat-savons","11":"first","12":"outofstock","13":"sale","14":"taxable","15":"shipping-taxable","16":"purchasable","17":"product-type-simple"},"jetpack_likes_enabled":false,"jetpack_sharing_enabled":true,"_links":{"self":[{"href":"https:\/\/www.bubblesforearth.com\/en\/wp-json\/wp\/v2\/product\/2926","targetHints":{"allow":["GET"]}}],"collection":[{"href":"https:\/\/www.bubblesforearth.com\/en\/wp-json\/wp\/v2\/product"}],"about":[{"href":"https:\/\/www.bubblesforearth.com\/en\/wp-json\/wp\/v2\/types\/product"}],"replies":[{"embeddable":true,"href":"https:\/\/www.bubblesforearth.com\/en\/wp-json\/wp\/v2\/comments?post=2926"}],"wp:featuredmedia":[{"embeddable":true,"href":"https:\/\/www.bubblesforearth.com\/en\/wp-json\/wp\/v2\/media\/2806"}],"wp:attachment":[{"href":"https:\/\/www.bubblesforearth.com\/en\/wp-json\/wp\/v2\/media?parent=2926"}],"wp:term":[{"taxonomy":"product_brand","embeddable":true,"href":"https:\/\/www.bubblesforearth.com\/en\/wp-json\/wp\/v2\/product_brand?post=2926"},{"taxonomy":"product_cat","embeddable":true,"href":"https:\/\/www.bubblesforearth.com\/en\/wp-json\/wp\/v2\/product_cat?post=2926"},{"taxonomy":"product_tag","embeddable":true,"href":"https:\/\/www.bubblesforearth.com\/en\/wp-json\/wp\/v2\/product_tag?post=2926"}],"curies":[{"name":"wp","href":"https:\/\/api.w.org\/{rel}","templated":true}]}}