{"id":2901,"date":"2025-09-16T13:44:34","date_gmt":"2025-09-16T11:44:34","guid":{"rendered":"https:\/\/www.bubblesforearth.com\/?post_type=product&#038;p=2901"},"modified":"2025-12-15T02:54:11","modified_gmt":"2025-12-15T00:54:11","slug":"serum-matcha-declassee","status":"publish","type":"product","link":"https:\/\/www.bubblesforearth.com\/en\/produit\/serum-matcha-declassee","title":{"rendered":"Serum Matcha Declasse"},"content":{"rendered":"<p><em>Conseils d&#8217;utilisation:\u00a0<\/em><br \/>\nSecouer avant utilisation, appliquez quelques gouttes dans la paume puis masser le visage (\u00e9viter le contact avec les yeux) et le cou.<br \/>\nLe s\u00e9rum peut aussi \u00eatre utilis\u00e9 pour les mains s\u00e8ches.<\/p>\n<p><em>INCI:<\/em> Cannabis Sativa Seed Oil, Prunus Armeniaca Kernel Oil, Argania Spinosa Kernel Oil, Theobroma Cacao Seed Butter, Lactic Acid, Camellia Sinensis Leaf Powder, Tocopherol, Helianthus Annuus Seed Oil<\/p>\n<p><em>Contenance:<\/em> 30 ml<\/p>\n<p>Bouteille consign\u00e9e sur les \u00e9v\u00e8nements de la savonnerie et bient\u00f4t chez les magasins partenaires.<\/p>\n","protected":false},"excerpt":{"rendered":"<p><strong>CE SERUM EST DECLASSE CELA VEUT DIRE QUE:<\/strong><br \/>\n<strong>\u2013 Son aspect peut \u00eatre diff\u00e9rent (couleur et odeur plus prononc\u00e9e)<br \/>\n\u2013 La photo pr\u00e9sent\u00e9e est la photo du savon sous sa forme classique, le savon que vous allez recevoir aura probablement des diff\u00e9rences.<\/strong><\/p>\n<p><strong>Toutefois, il conserve les m\u00eames propri\u00e9t\u00e9s que son \u00e9quivalent classique et cela \u00e9vite un d\u00e9chet \u00e0 la savonnerie.\u00a0<\/strong><\/p>\n<p>D\u00e9couvrez le s\u00e9rum Matcha, sp\u00e9cialement formul\u00e9 pour les peaux s\u00e8ches \u00e0 normales. Int\u00e9grez-le dans votre rituel de soin du visage pour offrir \u00e0 votre peau un v\u00e9ritable moment de bien-\u00eatre. Appliquez-le apr\u00e8s avoir nettoy\u00e9 votre visage, puis laissez-le agir pendant 10 \u00e0 30 minutes pour permettre \u00e0 votre peau d\u2019absorber les bienfaits d&#8217;ingr\u00e9dients soigneusement s\u00e9lectionn\u00e9s.<\/p>\n<p>Il peut aussi \u00eatre utilis\u00e9 pour remplacer une cr\u00e8me pour vos mains.<\/p>\n<p>Ce s\u00e9rum est un m\u00e9lange d\u00e9licat d\u2019huiles biologiques antioxydantes et nourrissantes :<\/p>\n<ul>\n<li><strong>Huile de chanvre bio<\/strong> : riche en om\u00e9ga-3 et om\u00e9ga-6, elle hydrate et prot\u00e8ge la peau.<\/li>\n<li><strong>Huile d\u2019argan bio<\/strong> : apporte \u00e9clat et \u00e9lasticit\u00e9.<\/li>\n<li><strong>Huile de noyau d\u2019abricot bio<\/strong> : revitalise et adoucit la peau.<\/li>\n<li><strong>Beurre de cacao bio<\/strong> : nourrit en profondeur et laisse la peau douce et souple.<\/li>\n<\/ul>\n<p>Enrichi en <strong>acide lactique<\/strong>, il tonifie la peau tout en la rendant visiblement plus lisse et lumineuse. La <strong>poudre de matcha<\/strong>, r\u00e9put\u00e9e pour ses propri\u00e9t\u00e9s antioxydantes, vient renforcer la formule pour un teint \u00e9clatant et prot\u00e9g\u00e9 des agressions ext\u00e9rieures. Le s\u00e9rum contient \u00e9galement de la <strong>vitamine E naturelle<\/strong>, issue de l&#8217;huile de soja et de tournesol bio, pour pr\u00e9server la fra\u00eecheur de la formule et renforcer les effets antioxydants.<\/p>\n<p><strong>Fragrance :<\/strong> Son parfum naturel et subtil aux notes d\u2019argan, de cacao et de chanvre offre une exp\u00e9rience sensorielle unique, l\u00e9g\u00e8rement acidul\u00e9e.<\/p>\n<p>Adoptez le s\u00e9rum Matcha pour un soin intense et naturel qui sublimera votre peau, jour apr\u00e8s jour.<\/p>\n<p>Le Savonnier conseille d&#8217;utiliser le savon matcha ou immortel avant d&#8217;appliquer le s\u00e9rum.<\/p>\n<p>Le S\u00e9rum est certifi\u00e9 Nature &#038; Progr\u00e8s.<\/p>\n","protected":false},"featured_media":2492,"comment_status":"open","ping_status":"closed","template":"","meta":[],"product_brand":[],"product_cat":[38],"product_tag":[],"class_list":{"0":"post-2901","1":"product","2":"type-product","3":"status-publish","6":"product_cat-declasses","8":"first","9":"outofstock","10":"sale","11":"taxable","12":"shipping-taxable","13":"purchasable","14":"product-type-simple"},"jetpack_likes_enabled":false,"jetpack_sharing_enabled":true,"_links":{"self":[{"href":"https:\/\/www.bubblesforearth.com\/en\/wp-json\/wp\/v2\/product\/2901","targetHints":{"allow":["GET"]}}],"collection":[{"href":"https:\/\/www.bubblesforearth.com\/en\/wp-json\/wp\/v2\/product"}],"about":[{"href":"https:\/\/www.bubblesforearth.com\/en\/wp-json\/wp\/v2\/types\/product"}],"replies":[{"embeddable":true,"href":"https:\/\/www.bubblesforearth.com\/en\/wp-json\/wp\/v2\/comments?post=2901"}],"wp:featuredmedia":[{"embeddable":true,"href":"https:\/\/www.bubblesforearth.com\/en\/wp-json\/wp\/v2\/media\/2492"}],"wp:attachment":[{"href":"https:\/\/www.bubblesforearth.com\/en\/wp-json\/wp\/v2\/media?parent=2901"}],"wp:term":[{"taxonomy":"product_brand","embeddable":true,"href":"https:\/\/www.bubblesforearth.com\/en\/wp-json\/wp\/v2\/product_brand?post=2901"},{"taxonomy":"product_cat","embeddable":true,"href":"https:\/\/www.bubblesforearth.com\/en\/wp-json\/wp\/v2\/product_cat?post=2901"},{"taxonomy":"product_tag","embeddable":true,"href":"https:\/\/www.bubblesforearth.com\/en\/wp-json\/wp\/v2\/product_tag?post=2901"}],"curies":[{"name":"wp","href":"https:\/\/api.w.org\/{rel}","templated":true}]}}