{"id":2659,"date":"2025-02-17T17:16:45","date_gmt":"2025-02-17T15:16:45","guid":{"rendered":"https:\/\/www.bubblesforearth.com\/?post_type=product&#038;p=2659"},"modified":"2026-04-26T22:27:47","modified_gmt":"2026-04-26T20:27:47","slug":"savon-matcha-declasse","status":"publish","type":"product","link":"https:\/\/www.bubblesforearth.com\/en\/produit\/savon-matcha-declasse","title":{"rendered":"Savon matcha declasse"},"content":{"rendered":"<p>Le <strong>savon Matcha<\/strong> inspir\u00e9 du <strong>Japon<\/strong> vient compl\u00e9ter la <strong>gamme Japon<\/strong> de le savonnerie ( <a href=\"https:\/\/www.bubblesforearth.com\/produit\/savon-sake\">Savon Sak\u00e9<\/a> ) et poss\u00e8de un beau vert fonc\u00e9 provenant de la poudre bio de matcha.<br \/>\nSon odeur subtile provient de la bergamote (Huile essentielle bio de bergamote).<\/p>\n<p>Voici le d\u00e9tails des mati\u00e8res premi\u00e8res v\u00e9g\u00e9tales bio utilis\u00e9es:<br \/>\n&#8211; <strong>Huile de noix de coco bio:<\/strong> Apporte de la mousse et le c\u00f4t\u00e9 lavant<br \/>\n&#8211; <strong>Huile de soja bio :<\/strong> Apporte un c\u00f4t\u00e9 anti-oxydant et permet \u00e0 la peau de retrouver de l\u2019\u00e9lasticit\u00e9.<br \/>\n&#8211; <strong>Beurre de karit\u00e9 bio :<\/strong> Apporte un c\u00f4t\u00e9 hydratant.<br \/>\n&#8211; <strong>Huile de s\u00e9same bio:\u00a0<\/strong> Apporte un c\u00f4t\u00e9 anti-oxydant car elle contient de la vitamine E et vient assouplir la peau<br \/>\n&#8211; <strong>Huile de son de riz bio- Extraction CO2 :<\/strong> \u00a0Apporte un c\u00f4t\u00e9 anti-oxydant<br \/>\n&#8211; <strong>Huile essentielle de bergamote bio:\u00a0<\/strong> Pour son c\u00f4t\u00e9 odorant relaxant et antibact\u00e9rienne.<br \/>\n&#8211; <strong>Poudre de matcha bio:<\/strong> Anti-oxydant<\/p>\n<p>Poids: 100 grammes<br \/>\nINCI: Sodium Cocoate, Sodium Glycinate, Sodium Shea Butterate, Sodium Sesameseedate, Aqua, Glycerin, Cocos Nucifera Oil, Citrus Aurantium Bergamia Peel Oil, Sodium Ricebranate, Glycine Soja Oil, Butyrospermum Parkii Butter, Sesamum Indicum Seed Oil, Camellia Sinensis Leaf Powder, Oryza Sativa Bran Oil, Citral*, Limonene*, Linalool*,Linalyl Acetate*, Pinene*\u00a0 *pr\u00e9sents dans l\u2019huile essentielle de bergamote<\/p>\n<p>Fabriqu\u00e9 en France dans le Val d&#8217;Oise au sein de la Vall\u00e9e de Montmorency pr\u00e8s d&#8217;Enghien-les-bains \u00e0 Soisy-sous-Montmorency.<\/p>\n<p>Respecte le cahier des charges strict de Nature &#038; Progr\u00e8s.<\/p>\n","protected":false},"excerpt":{"rendered":"<p><strong>CE SAVON EST DECLASSE CELA VEUT DIRE QUE:<\/strong><br \/>\n<strong>\u2013 Son poids n\u2019est pas \u00e0 100g mais peut \u00eatre inf\u00e9rieur ou sup\u00e9rieur (pas en-dessous de 90g)<\/strong><br \/>\n<strong>\u2013 Son aspect peut \u00eatre diff\u00e9rent (trous, d\u00e9but de savon, trace prononc\u00e9e du moule)<br \/>\n\u2013 La photo pr\u00e9sent\u00e9e est la photo du savon sous sa forme classique, le savon que vous allez recevoir aura probablement des diff\u00e9rences.<\/strong><\/p>\n<p><strong>Toutefois, il conserve les m\u00eames propri\u00e9t\u00e9s que son \u00e9quivalent classique et cela \u00e9vite un d\u00e9chet \u00e0 la savonnerie.\u00a0<\/strong><\/p>\n<p>Le <strong>savon matcha<\/strong> est inspir\u00e9 de la culture japonaise et a \u00e9t\u00e9 <strong>subtilement parfum\u00e9 avec des huiles essentielles de bergamote<\/strong>.<\/p>\n<p>La <strong>poudre de matcha bio<\/strong> est utilis\u00e9e pour ses bienfaits antioxydantes et le savon est surgras avec notamment de l<strong>&#8216;huile de son de riz<\/strong> , de s\u00e9same et de karit\u00e9 pour nourrir la peau.<\/p>\n<p>Ce savon est parfait pour des peaux normales \u00e0 peaux s\u00e8ches.<\/p>\n<p>Il respecte le cahier des charges <strong>Nature et progr\u00e8s<\/strong>.<\/p>\n","protected":false},"featured_media":2373,"comment_status":"open","ping_status":"closed","template":"","meta":[],"product_brand":[],"product_cat":[38,20,39,41],"product_tag":[],"class_list":{"0":"post-2659","1":"product","2":"type-product","3":"status-publish","6":"product_cat-declasses","7":"product_cat-savons-bio-avec-huiles-essentielles","8":"product_cat-savons-declasses","9":"product_cat-savons","11":"first","12":"instock","13":"sale","14":"taxable","15":"shipping-taxable","16":"purchasable","17":"product-type-simple"},"jetpack_likes_enabled":false,"jetpack_sharing_enabled":true,"_links":{"self":[{"href":"https:\/\/www.bubblesforearth.com\/en\/wp-json\/wp\/v2\/product\/2659","targetHints":{"allow":["GET"]}}],"collection":[{"href":"https:\/\/www.bubblesforearth.com\/en\/wp-json\/wp\/v2\/product"}],"about":[{"href":"https:\/\/www.bubblesforearth.com\/en\/wp-json\/wp\/v2\/types\/product"}],"replies":[{"embeddable":true,"href":"https:\/\/www.bubblesforearth.com\/en\/wp-json\/wp\/v2\/comments?post=2659"}],"wp:featuredmedia":[{"embeddable":true,"href":"https:\/\/www.bubblesforearth.com\/en\/wp-json\/wp\/v2\/media\/2373"}],"wp:attachment":[{"href":"https:\/\/www.bubblesforearth.com\/en\/wp-json\/wp\/v2\/media?parent=2659"}],"wp:term":[{"taxonomy":"product_brand","embeddable":true,"href":"https:\/\/www.bubblesforearth.com\/en\/wp-json\/wp\/v2\/product_brand?post=2659"},{"taxonomy":"product_cat","embeddable":true,"href":"https:\/\/www.bubblesforearth.com\/en\/wp-json\/wp\/v2\/product_cat?post=2659"},{"taxonomy":"product_tag","embeddable":true,"href":"https:\/\/www.bubblesforearth.com\/en\/wp-json\/wp\/v2\/product_tag?post=2659"}],"curies":[{"name":"wp","href":"https:\/\/api.w.org\/{rel}","templated":true}]}}