{"id":2314,"date":"2024-06-04T10:22:08","date_gmt":"2024-06-04T08:22:08","guid":{"rendered":"https:\/\/www.bubblesforearth.com\/?post_type=product&#038;p=2314"},"modified":"2026-03-20T09:28:54","modified_gmt":"2026-03-20T07:28:54","slug":"savon-menager-multi-usage-declasse","status":"publish","type":"product","link":"https:\/\/www.bubblesforearth.com\/en\/produit\/savon-menager-multi-usage-declasse","title":{"rendered":"Savon Menager Multi-usage Declasse"},"content":{"rendered":"<p>Mode d&#8217;emploi:<\/p>\n<ul>\n<li>Vaisselle: Frotter une brosse\/\u00e9ponge sur le savon mouill\u00e9 puis lave votre vaisselle. Bien rincer.<\/li>\n<li>D\u00e9tachant: Mouiller la t\u00e2che, frotter le savon et laisser agir une nuit et passer en machine<\/li>\n<li>Lessive\/Solution lavante de sol: R\u00e2per du savon et mettez 1\/3 de savon et 2\/3 d&#8217;eau chaude.<\/li>\n<\/ul>\n<p>&nbsp;<\/p>\n<p>Ingr\u00e9dients: 30%\u00a0 et plus de savon<\/p>\n<p>Pr\u00e9cautions d&#8217;emploi: Ne pas utiliser comme savon corporel, tenir hors de port\u00e9e des enfants. En cas de projections dans les yeux, rincer abondamment.<\/p>\n<p>INCI: Sodium cocoate, Water, Sodium linseedate, Sodium rapeseedate, Glycerin, S\u00e9piolite, Sodium hydroxide, Citric acid, Sodium Chloride, Sodium carbonate<\/p>\n","protected":false},"excerpt":{"rendered":"<p><strong>CE SAVON EST DECLASSE CELA VEUT DIRE QUE:<\/strong><br \/>\n<strong>\u2013 Son poids n\u2019est pas \u00e0 250g mais peut \u00eatre inf\u00e9rieur ou sup\u00e9rieur (pas en-dessous de 230g)<\/strong><br \/>\n<strong>\u2013 Son aspect peut \u00eatre diff\u00e9rent (trous, d\u00e9but de savon, trace prononc\u00e9e du moule)<br \/>\n\u2013 La photo pr\u00e9sent\u00e9e est la photo du savon sous sa forme classique, le savon que vous allez recevoir aura probablement des diff\u00e9rences.<\/strong><\/p>\n<p><strong>Toutefois, il conserve les m\u00eames propri\u00e9t\u00e9s que son \u00e9quivalent classique et cela \u00e9vite un d\u00e9chet \u00e0 la savonnerie.\u00a0<\/strong><\/p>\n<p>&nbsp;<\/p>\n<p>&nbsp;<\/p>\n<p>D\u00e9couvrez le savon m\u00e9nager multi-usage de la savonnerie Bubbles For Earth.<\/p>\n<p>Bloc de 250 g sans Parfum ni huile essentielle.<\/p>\n<p>Il est \u00e0 base d&#8217;huile de lin et de Terre de Sommi\u00e8res et il est utilisable pour:<\/p>\n<ul>\n<li>Faire la vaisselle<\/li>\n<li>D\u00e9tacher le linge<\/li>\n<li>Faire sa lessive<\/li>\n<li>Laver le sol.<\/li>\n<\/ul>\n<p>Il est certifi\u00e9 Nature et Progr\u00e8s avec plus de 66% d&#8217;ingr\u00e9dients issus de l&#8217;agriculture bio.<\/p>\n","protected":false},"featured_media":2132,"comment_status":"open","ping_status":"closed","template":"","meta":[],"product_brand":[],"product_cat":[38,46,39],"product_tag":[],"class_list":{"0":"post-2314","1":"product","2":"type-product","3":"status-publish","6":"product_cat-declasses","7":"product_cat-produits-menagers","8":"product_cat-savons-declasses","10":"first","11":"outofstock","12":"sale","13":"taxable","14":"shipping-taxable","15":"purchasable","16":"product-type-simple"},"jetpack_likes_enabled":false,"jetpack_sharing_enabled":true,"_links":{"self":[{"href":"https:\/\/www.bubblesforearth.com\/en\/wp-json\/wp\/v2\/product\/2314","targetHints":{"allow":["GET"]}}],"collection":[{"href":"https:\/\/www.bubblesforearth.com\/en\/wp-json\/wp\/v2\/product"}],"about":[{"href":"https:\/\/www.bubblesforearth.com\/en\/wp-json\/wp\/v2\/types\/product"}],"replies":[{"embeddable":true,"href":"https:\/\/www.bubblesforearth.com\/en\/wp-json\/wp\/v2\/comments?post=2314"}],"wp:featuredmedia":[{"embeddable":true,"href":"https:\/\/www.bubblesforearth.com\/en\/wp-json\/wp\/v2\/media\/2132"}],"wp:attachment":[{"href":"https:\/\/www.bubblesforearth.com\/en\/wp-json\/wp\/v2\/media?parent=2314"}],"wp:term":[{"taxonomy":"product_brand","embeddable":true,"href":"https:\/\/www.bubblesforearth.com\/en\/wp-json\/wp\/v2\/product_brand?post=2314"},{"taxonomy":"product_cat","embeddable":true,"href":"https:\/\/www.bubblesforearth.com\/en\/wp-json\/wp\/v2\/product_cat?post=2314"},{"taxonomy":"product_tag","embeddable":true,"href":"https:\/\/www.bubblesforearth.com\/en\/wp-json\/wp\/v2\/product_tag?post=2314"}],"curies":[{"name":"wp","href":"https:\/\/api.w.org\/{rel}","templated":true}]}}