{"id":1934,"date":"2023-11-21T11:11:42","date_gmt":"2023-11-21T09:11:42","guid":{"rendered":"https:\/\/www.bubblesforearth.com\/?post_type=product&#038;p=1934"},"modified":"2026-02-14T18:54:39","modified_gmt":"2026-02-14T16:54:39","slug":"savon-au-miel","status":"publish","type":"product","link":"https:\/\/www.bubblesforearth.com\/en\/produit\/savon-au-miel","title":{"rendered":"Savon au Miel"},"content":{"rendered":"<p>Voici la liste des ingr\u00e9dients du savon au miel:<\/p>\n<ul>\n<li>Huile de colza bio<\/li>\n<li>Huile de noix de coco bio<\/li>\n<li>Huile de soja bio<\/li>\n<li>Huile d&#8217;olive bio<\/li>\n<li>Miel bio de l&#8217;Eure<\/li>\n<li>Cire d&#8217;abeille bio<\/li>\n<\/ul>\n<p>INCI: Sodium rapeseedate, Sodium Cocoate, Sodium Glycinate, aqua, Glycerin, Sodium Olivate, Brassica Campestris Seed Oil, Cocos nucifera Oil, mel, Glycine Soja Oil, Olea europaea Fruit Oil, Sodium Beeswax, tocopherol, Cera alba, helianthus annuus Seed Oil<\/p>\n","protected":false},"excerpt":{"rendered":"<p>D\u00e9couvrez le Savon au Miel bio r\u00e9colt\u00e9 dans l&#8217;Eure juste apr\u00e8s Magny-en-Vexin !<\/p>\n<p>Il est tout doux pour toute la famille et sent l\u00e9g\u00e8rement le Miel.<\/p>\n<p>Attention, c\u2019est un savon de la gamme \u00e9ph\u00e9m\u00e8re, ce qui signifie qu\u2019il sera l\u00e0 pour un trimestre environ jusqu\u2019\u00e0 \u00e9puisement de stocks.<\/p>\n<p>Savon saponifi\u00e9 \u00e0 froid exclusivement avec des huiles v\u00e9g\u00e9tales bio.<\/p>\n<p>100 grammes<\/p>\n","protected":false},"featured_media":1937,"comment_status":"open","ping_status":"closed","template":"","meta":[],"product_brand":[],"product_cat":[16,41],"product_tag":[],"class_list":{"0":"post-1934","1":"product","2":"type-product","3":"status-publish","6":"product_cat-savons-sans-he","7":"product_cat-savons","9":"first","10":"outofstock","11":"featured","12":"taxable","13":"shipping-taxable","14":"purchasable","15":"product-type-simple"},"jetpack_likes_enabled":false,"jetpack_sharing_enabled":true,"_links":{"self":[{"href":"https:\/\/www.bubblesforearth.com\/en\/wp-json\/wp\/v2\/product\/1934","targetHints":{"allow":["GET"]}}],"collection":[{"href":"https:\/\/www.bubblesforearth.com\/en\/wp-json\/wp\/v2\/product"}],"about":[{"href":"https:\/\/www.bubblesforearth.com\/en\/wp-json\/wp\/v2\/types\/product"}],"replies":[{"embeddable":true,"href":"https:\/\/www.bubblesforearth.com\/en\/wp-json\/wp\/v2\/comments?post=1934"}],"wp:featuredmedia":[{"embeddable":true,"href":"https:\/\/www.bubblesforearth.com\/en\/wp-json\/wp\/v2\/media\/1937"}],"wp:attachment":[{"href":"https:\/\/www.bubblesforearth.com\/en\/wp-json\/wp\/v2\/media?parent=1934"}],"wp:term":[{"taxonomy":"product_brand","embeddable":true,"href":"https:\/\/www.bubblesforearth.com\/en\/wp-json\/wp\/v2\/product_brand?post=1934"},{"taxonomy":"product_cat","embeddable":true,"href":"https:\/\/www.bubblesforearth.com\/en\/wp-json\/wp\/v2\/product_cat?post=1934"},{"taxonomy":"product_tag","embeddable":true,"href":"https:\/\/www.bubblesforearth.com\/en\/wp-json\/wp\/v2\/product_tag?post=1934"}],"curies":[{"name":"wp","href":"https:\/\/api.w.org\/{rel}","templated":true}]}}