{"id":1813,"date":"2023-08-02T11:07:37","date_gmt":"2023-08-02T09:07:37","guid":{"rendered":"https:\/\/www.bubblesforearth.com\/?post_type=product&#038;p=1813"},"modified":"2026-04-10T16:06:04","modified_gmt":"2026-04-10T14:06:04","slug":"shampoing-clean-ylang-declasse","status":"publish","type":"product","link":"https:\/\/www.bubblesforearth.com\/en\/produit\/shampoing-clean-ylang-declasse","title":{"rendered":"Shampoing Clean Ylang Declasse"},"content":{"rendered":"<p>Voici le d\u00e9tail de chaque ingr\u00e9dient du shampoing:<\/p>\n<ul>\n<li>Huile de ricin : Fortifiant , apporte de la brillance aux cheveux et permet de mousser<\/li>\n<li>Huile de noix de coco: Fortifiant pour les cheveux et apporte de la mousse<\/li>\n<li>Bi\u00e8re: Apporte de la brillance et fortifie les cheveux<\/li>\n<li>Beurre de Karit\u00e9: Adoucit et nourrit les cheveux<\/li>\n<li>Huile d&#8217;olive: Permet de gainer les cheveux<\/li>\n<li>Huile de chanvre: Fortifie le cuir chevelu<\/li>\n<li>Huile de moutarde: Favorise la pousse des cheveux<\/li>\n<li>Huile essentielle d&#8217;orange douce: Anti pellicules et parfum<\/li>\n<li>Huile essentielle d&#8217;ylang ylang: Revitalise et apporte de l&#8217;\u00e9clat aux cheveux et parfum<\/li>\n<li>Poudre de guimauve: D\u00e9m\u00eale et gaine les cheveux<\/li>\n<li>Miel: Purifiant et accentue la mousse<\/li>\n<li>Poudre d&#8217;ortie: Favorise la pousse des cheveux<\/li>\n<li>Argile verte: Absorbe le s\u00e9bum des cheveux<\/li>\n<li>Vinaigre de cidre: D\u00e9m\u00eale, fait briller et fortifie les cheveux . Il fait office d&#8217;apr\u00e8s-shampoing naturel.<\/li>\n<li>Acide citrique: R\u00e9gule le pH du shampoing<\/li>\n<li>Acide lactique: R\u00e9gule le pH du shampoing<\/li>\n<\/ul>\n<p>Toutes les huiles v\u00e9g\u00e9tales et essentielles sont biologiques.<br \/>\nLe Miel est biologique et r\u00e9colt\u00e9 \u00e0 Pontoise et villes alentours (\u00e0 20 km de la savonnerie) par le <a href=\"https:\/\/ledomainedestroisgouttes.fr\/\" target=\"_blank\" rel=\"noopener\">Domaine des 3 Gouttes<\/a><br \/>\nL&#8217;ortie est biologique et certifi\u00e9 Nature &#038; Progr\u00e8s r\u00e9colt\u00e9 par<a href=\"https:\/\/simplesetspontanees.fr\/\" target=\"_blank\" rel=\"noopener\"> Simples et spontan\u00e9es<\/a> \u00e0 20 km de la savonnerie<br \/>\nLe vinaigre de cidre vient de Nantes et est certifi\u00e9 Demeter (label bio tr\u00e8s strict)<br \/>\nL&#8217;argile verte est s\u00e9ch\u00e9e au soleil et vient du sud de la France.<br \/>\nLa Bi\u00e8re est biologique et certifi\u00e9e Nature &#038; Progr\u00e8s et fabriqu\u00e9 \u00e0 5 km de la savonnerie par <a href=\"https:\/\/www.brasserie-terrabiere.com\/\" target=\"_blank\" rel=\"noopener\">Terrabi\u00e8re<\/a>.<br \/>\nL&#8217;acide citrique et lactique sont de qualit\u00e9 alimentaire et sont utilis\u00e9s par des producteurs de vin biologique.<\/p>\n<p>&nbsp;<\/p>\n<p><strong><u>INCI\u00a0:<\/u><\/strong> Sodium Castorate, Sodium Cocoate, Beer, Glycerin, Sodium Shea Butterate, Sodium Olivate, Sodium Hempseedate, Citrus Sinensis Peel Oil Expressed, Sodium Mustardate, Althaea Officinalis Root Powder, Mel, Citric Acid, Cananga Odorata Flower Oil, Vinegar, Urtica Dioica Leaf Powder, Ricinus Communis Seed Oil, Lactic Acid, Cocos Nucifera Oil, Montmorillonite, Butyrospermum Parkii Butter, Olea Europaea Fruit Oil, Cannabis Sativa Seed Oil, Brassica Juncea Seed Extract, Benzyl Benzoate*, Benzyl Salicylate*, Farnesol*, Geraniol*, Limonene*, Linalool* (*pr\u00e9sents dans les huiles essentielles)<\/p>\n<p><strong><u>Poids\u00a0:<\/u><\/strong> 85 grammes<\/p>\n","protected":false},"excerpt":{"rendered":"<p><strong>CE SHMAPOING EST DECLASSE CELA VEUT DIRE QUE:<\/strong><br \/>\n<strong>\u2013 Son poids n\u2019est pas \u00e0 85g mais peut \u00eatre inf\u00e9rieur ou sup\u00e9rieur (pas en-dessous de 70g)<\/strong><br \/>\n<strong>\u2013 Son aspect peut \u00eatre diff\u00e9rent (trous, entame, trace prononc\u00e9e du moule)<br \/>\n\u2013 La photo pr\u00e9sent\u00e9e est la photo du savon sous sa forme classique, le savon que vous allez recevoir aura probablement des diff\u00e9rences.<\/strong><\/p>\n<p><strong>Toutefois, il conserve les m\u00eames propri\u00e9t\u00e9s que son \u00e9quivalent classique et cela \u00e9vite un d\u00e9chet \u00e0 la savonnerie.\u00a0<\/strong><\/p>\n<p>&nbsp;<\/p>\n<p>Apr\u00e8s plus de 2 ans de recherche, le <strong>premier shampoing solide du 95 sous mention Nature et Progr\u00e8s<\/strong> (100% des ingr\u00e9dient bio) est l\u00e0! Il ne contient a<strong>ucun tensioactif de synth\u00e8se<\/strong> (SCI,SLMI&#8230;) contrairement \u00e0 la grande majorit\u00e9 des autres shampoings solides.<\/p>\n<p>Il a \u00e9t\u00e9 d\u00e9velopp\u00e9 pour des<strong> cheveux normaux \u00e0 gras<\/strong> quelque soit leur longueur. (Test\u00e9 sur un panel de 35 personnes).<\/p>\n<p>Suite \u00e0 ces tests, le shampoing va vous durer <strong>environ 45 lavages<\/strong> selon la longueur de vos cheveux et nous vous conseillons un lavage tous les 2 \u00e0 3 jours.<\/p>\n<p>Gr\u00e2ce \u00e0 ses ingr\u00e9dients naturels, vos cheveux seront<strong> facilement d\u00e9m\u00ealables<\/strong> (Poudre de racine de guimauve) et seront <strong>fortifi\u00e9s<\/strong> (bi\u00e8re, poudre d&#8217;ortie et huile de ricin). En plus, l&#8217;huile de moutarde et l&#8217;ortie vont favoriser la pousse des cheveux.<\/p>\n<p>Enfin, il contient de l&#8217;<strong>huile essentielle d&#8217;orange douce<\/strong> (anti-pellicules et sp\u00e9cial cheveux gras) et de l&#8217;<strong>huile essentielle d&#8217;Ylang Ylang<\/strong> (revitalisant et apporte de l&#8217;\u00e9clat) qui apporteront une odeur l\u00e9g\u00e8re \u00e0 vos cheveux tout en leur apportant leurs propri\u00e9t\u00e9s.<\/p>\n<p>Chaque shampoing est vendu au format de 85 g avec une ficelle et son \u00e9tiquette obligatoire (pas d&#8217;emballage inutile chez Bubbles For Earth).<\/p>\n<p>Voir plus bas la liste des ingr\u00e9dients.<\/p>\n","protected":false},"featured_media":1647,"comment_status":"open","ping_status":"closed","template":"","meta":[],"product_brand":[],"product_cat":[38,39],"product_tag":[],"class_list":{"0":"post-1813","1":"product","2":"type-product","3":"status-publish","6":"product_cat-declasses","7":"product_cat-savons-declasses","9":"first","10":"instock","11":"sale","12":"taxable","13":"shipping-taxable","14":"purchasable","15":"product-type-simple"},"jetpack_likes_enabled":false,"jetpack_sharing_enabled":true,"_links":{"self":[{"href":"https:\/\/www.bubblesforearth.com\/en\/wp-json\/wp\/v2\/product\/1813","targetHints":{"allow":["GET"]}}],"collection":[{"href":"https:\/\/www.bubblesforearth.com\/en\/wp-json\/wp\/v2\/product"}],"about":[{"href":"https:\/\/www.bubblesforearth.com\/en\/wp-json\/wp\/v2\/types\/product"}],"replies":[{"embeddable":true,"href":"https:\/\/www.bubblesforearth.com\/en\/wp-json\/wp\/v2\/comments?post=1813"}],"wp:featuredmedia":[{"embeddable":true,"href":"https:\/\/www.bubblesforearth.com\/en\/wp-json\/wp\/v2\/media\/1647"}],"wp:attachment":[{"href":"https:\/\/www.bubblesforearth.com\/en\/wp-json\/wp\/v2\/media?parent=1813"}],"wp:term":[{"taxonomy":"product_brand","embeddable":true,"href":"https:\/\/www.bubblesforearth.com\/en\/wp-json\/wp\/v2\/product_brand?post=1813"},{"taxonomy":"product_cat","embeddable":true,"href":"https:\/\/www.bubblesforearth.com\/en\/wp-json\/wp\/v2\/product_cat?post=1813"},{"taxonomy":"product_tag","embeddable":true,"href":"https:\/\/www.bubblesforearth.com\/en\/wp-json\/wp\/v2\/product_tag?post=1813"}],"curies":[{"name":"wp","href":"https:\/\/api.w.org\/{rel}","templated":true}]}}