{"id":1766,"date":"2023-07-10T11:12:14","date_gmt":"2023-07-10T09:12:14","guid":{"rendered":"https:\/\/www.bubblesforearth.com\/?post_type=product&#038;p=1766"},"modified":"2026-04-18T12:28:55","modified_gmt":"2026-04-18T10:28:55","slug":"porte-savon-onigiri","status":"publish","type":"product","link":"https:\/\/www.bubblesforearth.com\/en\/produit\/porte-savon-onigiri","title":{"rendered":"Porte-Savon Onigiri"},"content":{"rendered":"<p>Ce porte-savon en fa\u00efence a \u00e9t\u00e9 fait main par Sylvie de chez Approved by Cats (bas\u00e9e \u00e0 Saint-leu-la-for\u00eat dans le Val d&#8217;Oise).<\/p>\n<p>Il est \u00e0 l&#8217;effigie d&#8217;un Onigiri (c&#8217;est une boule de riz fourr\u00e9e tenue avec une algue, que les japonais consomme tr\u00e8s souvent comme encas ou comme repas le midi).<br \/>\nIl a \u00e9t\u00e9 taill\u00e9 sp\u00e9cialement pour les savons Bubbles For Earth.<\/p>\n","protected":false},"excerpt":{"rendered":"<p>Ce porte-savon en fa\u00efence a \u00e9t\u00e9 fait main par Sylvie de chez Approved by Cats (bas\u00e9e \u00e0 Saint-leu-la-for\u00eat dans le Val d&#8217;Oise). Il est \u00e0 l&#8217;effigie d&#8217;un Onigiri (c&#8217;est une<\/p>\n","protected":false},"featured_media":1771,"comment_status":"open","ping_status":"closed","template":"","meta":[],"product_brand":[],"product_cat":[30,31],"product_tag":[],"class_list":{"0":"post-1766","1":"product","2":"type-product","3":"status-publish","6":"product_cat-accessoires","7":"product_cat-porte-savons","9":"first","10":"instock","11":"taxable","12":"shipping-taxable","13":"purchasable","14":"product-type-simple"},"jetpack_likes_enabled":false,"jetpack_sharing_enabled":true,"_links":{"self":[{"href":"https:\/\/www.bubblesforearth.com\/en\/wp-json\/wp\/v2\/product\/1766","targetHints":{"allow":["GET"]}}],"collection":[{"href":"https:\/\/www.bubblesforearth.com\/en\/wp-json\/wp\/v2\/product"}],"about":[{"href":"https:\/\/www.bubblesforearth.com\/en\/wp-json\/wp\/v2\/types\/product"}],"replies":[{"embeddable":true,"href":"https:\/\/www.bubblesforearth.com\/en\/wp-json\/wp\/v2\/comments?post=1766"}],"wp:featuredmedia":[{"embeddable":true,"href":"https:\/\/www.bubblesforearth.com\/en\/wp-json\/wp\/v2\/media\/1771"}],"wp:attachment":[{"href":"https:\/\/www.bubblesforearth.com\/en\/wp-json\/wp\/v2\/media?parent=1766"}],"wp:term":[{"taxonomy":"product_brand","embeddable":true,"href":"https:\/\/www.bubblesforearth.com\/en\/wp-json\/wp\/v2\/product_brand?post=1766"},{"taxonomy":"product_cat","embeddable":true,"href":"https:\/\/www.bubblesforearth.com\/en\/wp-json\/wp\/v2\/product_cat?post=1766"},{"taxonomy":"product_tag","embeddable":true,"href":"https:\/\/www.bubblesforearth.com\/en\/wp-json\/wp\/v2\/product_tag?post=1766"}],"curies":[{"name":"wp","href":"https:\/\/api.w.org\/{rel}","templated":true}]}}