{"id":1628,"date":"2023-04-03T16:16:30","date_gmt":"2023-04-03T14:16:30","guid":{"rendered":"https:\/\/www.bubblesforearth.com\/?post_type=product&#038;p=1628"},"modified":"2026-04-18T12:35:47","modified_gmt":"2026-04-18T10:35:47","slug":"shampoing-clean-ylang","status":"publish","type":"product","link":"https:\/\/www.bubblesforearth.com\/en\/produit\/shampoing-clean-ylang","title":{"rendered":"Shampoing Clean Ylang"},"content":{"rendered":"<p>Voici le d\u00e9tail de chaque ingr\u00e9dient du shampoing:<\/p>\n<ul>\n<li>Huile de ricin : Fortifiant , apporte de la brillance aux cheveux et permet de mousser<\/li>\n<li>Huile de noix de coco: Fortifiant pour les cheveux et apporte de la mousse<\/li>\n<li>Bi\u00e8re: Apporte de la brillance et fortifie les cheveux<\/li>\n<li>Beurre de Karit\u00e9: Adoucit et nourrit les cheveux<\/li>\n<li>Huile d&#8217;olive: Permet de gainer les cheveux<\/li>\n<li>Huile de chanvre: Fortifie le cuir chevelu<\/li>\n<li>Huile de moutarde: Favorise la pousse des cheveux<\/li>\n<li>Huile essentielle d&#8217;orange douce: Anti pellicules et parfum<\/li>\n<li>Huile essentielle d&#8217;ylang ylang: Revitalise et apporte de l&#8217;\u00e9clat aux cheveux et parfum<\/li>\n<li>Poudre de guimauve: D\u00e9m\u00eale et gaine les cheveux<\/li>\n<li>Miel: Purifiant et accentue la mousse<\/li>\n<li>Poudre d&#8217;ortie: Favorise la pousse des cheveux<\/li>\n<li>Argile verte: Absorbe le s\u00e9bum des cheveux<\/li>\n<li>Vinaigre de cidre: D\u00e9m\u00eale, fait briller et fortifie les cheveux . Il fait office d&#8217;apr\u00e8s-shampoing naturel.<\/li>\n<li>Acide citrique: R\u00e9gule le pH du shampoing<\/li>\n<li>Acide lactique: R\u00e9gule le pH du shampoing<\/li>\n<\/ul>\n<p>Toutes les huiles v\u00e9g\u00e9tales et essentielles sont biologiques.<br \/>\nLe Miel est biologique et r\u00e9colt\u00e9 \u00e0 Pontoise et villes alentours (\u00e0 20 km de la savonnerie) par le <a href=\"https:\/\/ledomainedestroisgouttes.fr\/\" target=\"_blank\" rel=\"noopener\">Domaine des 3 Gouttes<\/a><br \/>\nL&#8217;ortie est certifi\u00e9e Nature &#038; Progr\u00e8s r\u00e9colt\u00e9e par<a href=\"https:\/\/simplesetspontanees.fr\/\" target=\"_blank\" rel=\"noopener\"> Simples et spontan\u00e9es<\/a> \u00e0 20 km de la savonnerie<br \/>\nLe vinaigre de cidre vient de Nantes et est certifi\u00e9 Demeter (label bio tr\u00e8s strict)<br \/>\nL&#8217;argile verte est s\u00e9ch\u00e9e au soleil et vient du sud de la France.<br \/>\nLa Bi\u00e8re est\u00a0 certifi\u00e9e Nature &#038; Progr\u00e8s et fabriqu\u00e9e \u00e0 5 km de la savonnerie par <a href=\"https:\/\/www.brasserie-terrabiere.com\/\" target=\"_blank\" rel=\"noopener\">Terrabi\u00e8re<\/a>.<br \/>\nL&#8217;acide citrique et lactique sont de qualit\u00e9 alimentaire et sont utilis\u00e9s par des producteurs de vin biologique.<\/p>\n<p>&nbsp;<\/p>\n<p><strong><u>INCI\u00a0:<\/u><\/strong> Sodium Castorate, Sodium Cocoate, Beer, Glycerin, Sodium Shea Butterate, Sodium Olivate, Sodium Hempseedate, Citrus Sinensis Peel Oil Expressed, Sodium Mustardate, Althaea Officinalis Root Powder, Mel, Citric Acid, Cananga Odorata Flower Oil, Vinegar, Urtica Dioica Leaf Powder, Ricinus Communis Seed Oil, Lactic Acid, Cocos Nucifera Oil, Montmorillonite, Butyrospermum Parkii Butter, Olea Europaea Fruit Oil, Cannabis Sativa Seed Oil, Brassica Juncea Seed Extract, Benzyl Benzoate*, Benzyl Salicylate*, Farnesol*, Geraniol*, Limonene*, Linalool* (*pr\u00e9sents dans les huiles essentielles)<\/p>\n<p><strong><u>Poids\u00a0:<\/u><\/strong> 85 grammes<\/p>\n","protected":false},"excerpt":{"rendered":"<p>Apr\u00e8s plus de 2 ans de recherche, le <strong>premier shampoing solide du 95 sous mention Nature et Progr\u00e8s<\/strong> (100% des ingr\u00e9dient bio) est l\u00e0! Il ne contient a<strong>ucun tensioactif de synth\u00e8se<\/strong> (SCI,SLMI&#8230;) contrairement \u00e0 la grande majorit\u00e9 des autres shampoings solides.<\/p>\n<p>Il a \u00e9t\u00e9 d\u00e9velopp\u00e9 pour des<strong> cheveux normaux \u00e0 gras<\/strong> quelque soit leur longueur. (Test\u00e9 sur un panel de 35 personnes).<\/p>\n<p>Gr\u00e2ce \u00e0 ses ingr\u00e9dients naturels, vos cheveux seront<strong> facilement d\u00e9m\u00ealables<\/strong> (Poudre de racine de guimauve) et seront <strong>fortifi\u00e9s<\/strong> (bi\u00e8re, poudre d&#8217;ortie et huile de ricin). En plus, l&#8217;huile de moutarde et l&#8217;ortie vont favoriser la pousse des cheveux.<\/p>\n<p>Enfin, il contient de l&#8217;<strong>huile essentielle d&#8217;orange douce<\/strong> (anti-pellicules et sp\u00e9cial cheveux gras) et de l&#8217;<strong>huile essentielle d&#8217;Ylang Ylang<\/strong> (revitalisant et apporte de l&#8217;\u00e9clat) qui apporteront une odeur l\u00e9g\u00e8re \u00e0 vos cheveux tout en leur apportant leurs propri\u00e9t\u00e9s.<\/p>\n<p>Chaque shampoing est vendu au format de 85 g avec une ficelle et son \u00e9tiquette obligatoire (pas d&#8217;emballage inutile chez Bubbles For Earth).<\/p>\n<p>Voir plus bas la liste des ingr\u00e9dients.<\/p>\n","protected":false},"featured_media":1647,"comment_status":"open","ping_status":"closed","template":"","meta":[],"product_brand":[],"product_cat":[40],"product_tag":[],"class_list":{"0":"post-1628","1":"product","2":"type-product","3":"status-publish","6":"product_cat-shampoing-solide","8":"first","9":"instock","10":"taxable","11":"shipping-taxable","12":"purchasable","13":"product-type-simple"},"jetpack_likes_enabled":false,"jetpack_sharing_enabled":true,"_links":{"self":[{"href":"https:\/\/www.bubblesforearth.com\/en\/wp-json\/wp\/v2\/product\/1628","targetHints":{"allow":["GET"]}}],"collection":[{"href":"https:\/\/www.bubblesforearth.com\/en\/wp-json\/wp\/v2\/product"}],"about":[{"href":"https:\/\/www.bubblesforearth.com\/en\/wp-json\/wp\/v2\/types\/product"}],"replies":[{"embeddable":true,"href":"https:\/\/www.bubblesforearth.com\/en\/wp-json\/wp\/v2\/comments?post=1628"}],"wp:featuredmedia":[{"embeddable":true,"href":"https:\/\/www.bubblesforearth.com\/en\/wp-json\/wp\/v2\/media\/1647"}],"wp:attachment":[{"href":"https:\/\/www.bubblesforearth.com\/en\/wp-json\/wp\/v2\/media?parent=1628"}],"wp:term":[{"taxonomy":"product_brand","embeddable":true,"href":"https:\/\/www.bubblesforearth.com\/en\/wp-json\/wp\/v2\/product_brand?post=1628"},{"taxonomy":"product_cat","embeddable":true,"href":"https:\/\/www.bubblesforearth.com\/en\/wp-json\/wp\/v2\/product_cat?post=1628"},{"taxonomy":"product_tag","embeddable":true,"href":"https:\/\/www.bubblesforearth.com\/en\/wp-json\/wp\/v2\/product_tag?post=1628"}],"curies":[{"name":"wp","href":"https:\/\/api.w.org\/{rel}","templated":true}]}}