{"id":1511,"date":"2023-01-12T12:15:25","date_gmt":"2023-01-12T10:15:25","guid":{"rendered":"https:\/\/www.bubblesforearth.com\/?post_type=product&#038;p=1511"},"modified":"2026-04-10T16:06:33","modified_gmt":"2026-04-10T14:06:33","slug":"savon-thym-citron-declasse","status":"publish","type":"product","link":"https:\/\/www.bubblesforearth.com\/en\/produit\/savon-thym-citron-declasse","title":{"rendered":"Savon Thym Citron Declasse"},"content":{"rendered":"<p>Ce savon vous \u00e9voquera le sud de l&#8217;Europe avec ses senteurs naturelles de citron et de thym. Son marbrage est r\u00e9alis\u00e9 avec de la poudre de curcuma , connu pour d\u00e9tendre et apaiser la peau.<\/p>\n<p>Ce savon est surgras et prends ainsi soin de votre peau avec notamment l&#8217;huile d&#8217;olive et l&#8217;huile de noyaux d&#8217;abricot qu&#8217;il contient.<\/p>\n<p>Par principe de pr\u00e9caution, il est d\u00e9conseill\u00e9 aux enfants de moins de 6 ans et aux femmes enceintes \u00e0 cause des huiles essentielles qu&#8217;il contient.<\/p>\n<p>Ingr\u00e9dients: Huile d&#8217;olive, Huile de noix de coco, Huile de noyaux d&#8217;abricot, Huile de ricin, Huile essentielle de citron, Curcuma, Huile essentielle de thym<\/p>\n<p>INCI: Sodium Olivate, Sodium Cocoate, Sodium apricot kernelate, aqua, Sodium Castorate, Glycerin, Citrus limon Peel Oil, Curcuma longa root Powder, Olea europaea Fruit Oil, Cocos nucifera Oil, thymus vulgaris Oil, Prunus armeniaca kernel Oil, ricinus Communis Seed Oil, Citral*, Geraniol*, limonene*, linalool*<br \/>\n*pr\u00e9sent naturellement dans les huiles essentielles de citron et de thym<\/p>\n","protected":false},"excerpt":{"rendered":"<p><strong>CE SAVON EST DECLASSE CELA VEUT DIRE QUE:<\/strong><br \/>\n<strong>\u2013 Son poids n\u2019est pas \u00e0 100g mais peut \u00eatre inf\u00e9rieur ou sup\u00e9rieur (pas en-dessous de 90g)<\/strong><br \/>\n<strong>\u2013 Son aspect peut \u00eatre diff\u00e9rent (trous, d\u00e9but de savon, trace prononc\u00e9e du moule)<br \/>\n\u2013 La photo pr\u00e9sent\u00e9e est la photo du savon sous sa forme classique, le savon que vous allez recevoir aura probablement des diff\u00e9rences.<\/strong><\/p>\n<p><strong>Toutefois, il conserve les m\u00eames propri\u00e9t\u00e9s que son \u00e9quivalent classique et cela \u00e9vite un d\u00e9chet \u00e0 la savonnerie.\u00a0<\/strong><\/p>\n<p>Le savon thym citron est un <strong>savon bien \u00eatre anti-stress<\/strong> gr\u00e2ce \u00e0 la synergie d<strong>&#8216;huiles essentielles biologiques<\/strong> de thym et de citron. Son marbrage rouge est r\u00e9alis\u00e9 au <strong>curcuma<\/strong> qui apaisera votre peau. Ce savon est sous label Nature &#038; Progr\u00e8s.<\/p>\n<p>Il est surgras et vous \u00e9vitera le tiraillement .<\/p>\n<p>Savon pour corps, mains et visage.<\/p>\n","protected":false},"featured_media":1297,"comment_status":"open","ping_status":"closed","template":"","meta":[],"product_brand":[],"product_cat":[38,39],"product_tag":[],"class_list":{"0":"post-1511","1":"product","2":"type-product","3":"status-publish","6":"product_cat-declasses","7":"product_cat-savons-declasses","9":"first","10":"instock","11":"sale","12":"taxable","13":"shipping-taxable","14":"purchasable","15":"product-type-simple"},"jetpack_likes_enabled":false,"jetpack_sharing_enabled":true,"_links":{"self":[{"href":"https:\/\/www.bubblesforearth.com\/en\/wp-json\/wp\/v2\/product\/1511","targetHints":{"allow":["GET"]}}],"collection":[{"href":"https:\/\/www.bubblesforearth.com\/en\/wp-json\/wp\/v2\/product"}],"about":[{"href":"https:\/\/www.bubblesforearth.com\/en\/wp-json\/wp\/v2\/types\/product"}],"replies":[{"embeddable":true,"href":"https:\/\/www.bubblesforearth.com\/en\/wp-json\/wp\/v2\/comments?post=1511"}],"wp:featuredmedia":[{"embeddable":true,"href":"https:\/\/www.bubblesforearth.com\/en\/wp-json\/wp\/v2\/media\/1297"}],"wp:attachment":[{"href":"https:\/\/www.bubblesforearth.com\/en\/wp-json\/wp\/v2\/media?parent=1511"}],"wp:term":[{"taxonomy":"product_brand","embeddable":true,"href":"https:\/\/www.bubblesforearth.com\/en\/wp-json\/wp\/v2\/product_brand?post=1511"},{"taxonomy":"product_cat","embeddable":true,"href":"https:\/\/www.bubblesforearth.com\/en\/wp-json\/wp\/v2\/product_cat?post=1511"},{"taxonomy":"product_tag","embeddable":true,"href":"https:\/\/www.bubblesforearth.com\/en\/wp-json\/wp\/v2\/product_tag?post=1511"}],"curies":[{"name":"wp","href":"https:\/\/api.w.org\/{rel}","templated":true}]}}