{"id":1509,"date":"2023-01-12T12:06:53","date_gmt":"2023-01-12T10:06:53","guid":{"rendered":"https:\/\/www.bubblesforearth.com\/?post_type=product&#038;p=1509"},"modified":"2026-04-18T12:33:55","modified_gmt":"2026-04-18T10:33:55","slug":"savon-fraicheur-mentholee-declasse","status":"publish","type":"product","link":"https:\/\/www.bubblesforearth.com\/en\/produit\/savon-fraicheur-mentholee-declasse","title":{"rendered":"Savon Fraicheur Mentholee Declasse"},"content":{"rendered":"<p>Le Savon Menthe Poivr\u00e9e est le premier savon de la gamme int\u00e9grant des huiles essentielles afin d&#8217;\u00e9viter d&#8217;utiliser les parfums synth\u00e9tiques. Votre douche sera synonyme de fra\u00eecheur et une bonne odeur de menthe l\u00e9g\u00e8re viendra vous envelopper.<\/p>\n<p>Comme il contient des huiles essentielles, par pr\u00e9caution, il est<strong> d\u00e9conseill\u00e9 aux femmes enceintes, allaitantes et enfants de moins de 6 ans.<\/strong><\/p>\n<p>Voici les ingr\u00e9dients:<\/p>\n<ul>\n<li><strong>Beurre de karit\u00e9 biologique :<\/strong> Apportera un c\u00f4t\u00e9 hydratant.<\/li>\n<li><strong>Huile de coco biologique:<\/strong> Pour la mousse et nettoyer votre peau.<\/li>\n<li><strong>Huile de ricin biologique :<\/strong> Hydratation, mousse et pr\u00e9paration de la peau \u00e0 absorber les autres bienfaits du savon.<\/li>\n<li><strong>Huile d\u2019olive biologique :<\/strong> Hydratation et pouvoir \u00e9molliant.<\/li>\n<li><strong>Huile essentielle de Menthe Poivr\u00e9e biologique cultiv\u00e9e et cueillie en France :<\/strong> Apporte l&#8217;odeur et la sensation de fra\u00eecheur stimulante.<\/li>\n<li><strong>Argile verte naturelle:<\/strong> Apporte la couleur verte et absorbera les impuret\u00e9s de votre peau.<\/li>\n<\/ul>\n<p><strong>INCI:<\/strong><\/p>\n<p>Sodium Shea Butterate, Sodium Cocoate, Sodium Castorate, Aqua, Sodium Olivate, Glycerin, Illite, Mentha Piperita Oil, Butyrospermum Parkii Butter, Cocos nucifera Oil, Kaolin, ricinus Communis Seed Oil, Olea europaea Fruit Oil, Montmorillonite, Limonene*, Linalool*<\/p>\n<p>*pr\u00e9sent naturellement dans l\u2019huile essentielle de menthe poivree<\/p>\n<p><b>Conseils d&#8217;utilisation<\/b><b>:<\/b> Frotter sous l&#8217;eau pour faire mousser (couper l\u2019eau), repartir sur la peau, rincer. Ne pas mettre dans les yeux sinon rincer immediatement et abondamment.<\/p>\n<p><strong>Conservation: <\/strong><\/p>\n<p>Je conseille fortement l&#8217;utilisation d&#8217;un porte savon et de le prot\u00e9ger des \u00e9claboussures afin d&#8217;\u00e9conomiser du savon et \u00e9viter qu&#8217;il ne devienne mou.<\/p>\n<p>Pour la conservation, il est recommand\u00e9 de le conserver au frais et loin des sources de chaleurs importantes.<\/p>\n<p><strong>Proc\u00e9d\u00e9 de fabrication:<\/strong><\/p>\n<p>Tous les savons solides Bubbles For Earth sont faits mains dans le Val d&#8217;oise (Soisy-Sous-montmorency) et selon le proc\u00e9d\u00e9 de saponification \u00e0 froid.<\/p>\n","protected":false},"excerpt":{"rendered":"<p><strong>CE SAVON EST DECLASSE CELA VEUT DIRE QUE:<\/strong><br \/>\n<strong>\u2013 Son poids n\u2019est pas \u00e0 100g mais peut \u00eatre inf\u00e9rieur ou sup\u00e9rieur (pas en-dessous de 90g)<\/strong><br \/>\n<strong>\u2013 Son aspect peut \u00eatre diff\u00e9rent (trous, d\u00e9but de savon, trace prononc\u00e9e du moule)<br \/>\n\u2013 La photo pr\u00e9sent\u00e9e est la photo du savon sous sa forme classique, le savon que vous allez recevoir aura probablement des diff\u00e9rences.<\/strong><\/p>\n<p><strong>Toutefois, il conserve les m\u00eames propri\u00e9t\u00e9s que son \u00e9quivalent classique et cela \u00e9vite un d\u00e9chet \u00e0 la savonnerie.\u00a0<\/strong><\/p>\n<p>&nbsp;<\/p>\n<p>Savon <strong>surgras \u00e0 6%<\/strong> \u00e0 base de<strong> beurre de karit\u00e9<\/strong> contient des <strong>huiles essentielles de menthe poivr\u00e9e fran\u00e7aise<\/strong> qui va vous stimuler sous la douche et vous envelopper de son doux parfum menthol\u00e9. La <strong>couleur verte<\/strong> est obtenue \u00e0 partir d&#8217;<strong>Argile Verte<\/strong> (s\u00e9ch\u00e9e au soleil) qui va permettre d&#8217;absorber les impuret\u00e9s de votre peau. Il est conseill\u00e9 corps, visage et main.<\/p>\n<p><strong>Conseill\u00e9 pour le corps, visage et mains.<\/strong><\/p>\n<p><em>(Voir plus bas la composition exacte)<\/em><\/p>\n","protected":false},"featured_media":1300,"comment_status":"open","ping_status":"closed","template":"","meta":[],"product_brand":[],"product_cat":[38,39],"product_tag":[],"class_list":{"0":"post-1509","1":"product","2":"type-product","3":"status-publish","6":"product_cat-declasses","7":"product_cat-savons-declasses","9":"first","10":"instock","11":"sale","12":"taxable","13":"shipping-taxable","14":"purchasable","15":"product-type-simple"},"jetpack_likes_enabled":false,"jetpack_sharing_enabled":true,"_links":{"self":[{"href":"https:\/\/www.bubblesforearth.com\/en\/wp-json\/wp\/v2\/product\/1509","targetHints":{"allow":["GET"]}}],"collection":[{"href":"https:\/\/www.bubblesforearth.com\/en\/wp-json\/wp\/v2\/product"}],"about":[{"href":"https:\/\/www.bubblesforearth.com\/en\/wp-json\/wp\/v2\/types\/product"}],"replies":[{"embeddable":true,"href":"https:\/\/www.bubblesforearth.com\/en\/wp-json\/wp\/v2\/comments?post=1509"}],"wp:featuredmedia":[{"embeddable":true,"href":"https:\/\/www.bubblesforearth.com\/en\/wp-json\/wp\/v2\/media\/1300"}],"wp:attachment":[{"href":"https:\/\/www.bubblesforearth.com\/en\/wp-json\/wp\/v2\/media?parent=1509"}],"wp:term":[{"taxonomy":"product_brand","embeddable":true,"href":"https:\/\/www.bubblesforearth.com\/en\/wp-json\/wp\/v2\/product_brand?post=1509"},{"taxonomy":"product_cat","embeddable":true,"href":"https:\/\/www.bubblesforearth.com\/en\/wp-json\/wp\/v2\/product_cat?post=1509"},{"taxonomy":"product_tag","embeddable":true,"href":"https:\/\/www.bubblesforearth.com\/en\/wp-json\/wp\/v2\/product_tag?post=1509"}],"curies":[{"name":"wp","href":"https:\/\/api.w.org\/{rel}","templated":true}]}}