{"id":1507,"date":"2023-01-12T11:54:30","date_gmt":"2023-01-12T09:54:30","guid":{"rendered":"https:\/\/www.bubblesforearth.com\/?post_type=product&#038;p=1507"},"modified":"2026-04-10T16:07:28","modified_gmt":"2026-04-10T14:07:28","slug":"savon-sake-declasse","status":"publish","type":"product","link":"https:\/\/www.bubblesforearth.com\/en\/produit\/savon-sake-declasse","title":{"rendered":"Savon Sake Declasse"},"content":{"rendered":"<p>Le savon sak\u00e9 est le fruit d&#8217;une collaboration inattendue entre le savonnier amateur de sak\u00e9 et des responsables de la brasserie WAKAZE qui souhaitent se diriger autant que possible vers le z\u00e9ro d\u00e9chet et notamment faire conna\u00eetre la lie de sak\u00e9 ou sake kasu tr\u00e8s utilis\u00e9 au Japon pour la patisserie, le fromage et en cosm\u00e9tique.<\/p>\n<p>Au Japon, les personnes se font des masques au sake kasu car il contient de la vitamine B permettant \u00e0 la peau de r\u00e9g\u00e9n\u00e9rer plus vite et de ralentir son oxydation. Il laisse aussi la peau douce et les japonais l&#8217;utilise aussi en masque surtout pour les peaux grasses et les adolescents.<\/p>\n<p>En terme d&#8217;utilisation, ce savon donne une impression de se laver avec de la soie et il a une l\u00e9g\u00e8re odeur acidul\u00e9e provenant du sake kasu.<\/p>\n<p>Voici la liste compl\u00e8te des ingr\u00e9dients:<\/p>\n<ul>\n<li><strong>Sake kasu ou lie de sak\u00e9 de WAKAZE<\/strong>: Apporte de la vitamine B dans le savon et apporte sa douceur de soie au savon.<\/li>\n<li><strong>Huile de noix de coco biologique:<\/strong> Apporte la mousse et le c\u00f4t\u00e9 lavant.<\/li>\n<li><strong>Huile d&#8217;olive biologique:<\/strong> Apporte un cot\u00e9 hydratant et d\u00e9tents la peau.<\/li>\n<li><strong>Huile de soja biologique:<\/strong> Apporte un c\u00f4t\u00e9 anti-oxydant et permet \u00e0 la peau de retrouver de l&#8217;\u00e9lasticit\u00e9.<\/li>\n<li><strong>Huile de s\u00e9same biologique:<\/strong> Apporte un c\u00f4t\u00e9 anti-oxydant car elle contient de la vitamine E et vient assouplir la peau<\/li>\n<li><strong>Huile de son de riz &#8211; extrait au CO2:<\/strong>\u00a0 Apporte un c\u00f4t\u00e9 anti-oxydant<\/li>\n<\/ul>\n<p>&nbsp;<\/p>\n<p>INCI : Sodium Cocoate, Sodium Olivate, sodium glycinate, aqua, Sodium Sesameseedate, Glycerin, Oryza Sativa lees extract, Sodium ricebranate, Cocos nucifera Oil, Olea europaea Fruit Oil,\u00a0 glycine soja Oil, sesamum indicum seed oil, Oryza sativa bran oil<\/p>\n<p>&nbsp;<\/p>\n","protected":false},"excerpt":{"rendered":"<p><strong>CE SAVON EST DECLASSE CELA VEUT DIRE QUE:<\/strong><br \/>\n<strong>\u2013 Son poids n\u2019est pas \u00e0 100g mais peut \u00eatre inf\u00e9rieur ou sup\u00e9rieur (pas en-dessous de 90g)<\/strong><br \/>\n<strong>\u2013 Son aspect peut \u00eatre diff\u00e9rent (trous, d\u00e9but de savon, trace prononc\u00e9e du moule)<br \/>\n\u2013 La photo pr\u00e9sent\u00e9e est la photo du savon sous sa forme classique, le savon que vous allez recevoir aura probablement des diff\u00e9rences.<\/strong><\/p>\n<p><strong>Toutefois, il conserve les m\u00eames propri\u00e9t\u00e9s que son \u00e9quivalent classique et cela \u00e9vite un d\u00e9chet \u00e0 la savonnerie.\u00a0<\/strong><\/p>\n<p>&nbsp;<\/p>\n<p>Savon <strong>surgras \u00e0 7%<\/strong> \u00e0 base de<strong> lie de sak\u00e9 fran\u00e7ais<\/strong>( p\u00e2te de riz issue de la fabrication de sak\u00e9) ou sake kasu en Japonais.<\/p>\n<p>Se laver avec donne l&#8217;impression de <strong>se laver avec de la soie et il est recommand\u00e9 pour les peaux grasses et pour les adolescents.\u00a0<\/strong><\/p>\n<p>Il contient notamment de l<strong>&#8216;huile de soja fran\u00e7ais, de l&#8217;huile de s\u00e9same et de l&#8217;huile de son de riz <\/strong>. Toutes nos huiles v\u00e9g\u00e9tales sont <strong>biologiques<\/strong>.<\/p>\n<p>Il est <strong>sans parfum et a une odeur naturelle citronn\u00e9e issue du sak\u00e9kasu. <\/strong>Il\u00a0convient \u00e0 toute famille et l&#8217;alcool contenu s&#8217;est \u00e9vapor\u00e9 lors de la saponification \u00e0 froid.<\/p>\n<p>Le lie de sak\u00e9 provient d&#8217;une brasserie de sak\u00e9 fran\u00e7aise <a href=\"https:\/\/www.wakaze-sake.com\/fr\/\" target=\"_blank\" rel=\"noopener\">WAKAZE<\/a> tenue par des japonais qui souhaitent faire d\u00e9couvrir le sak\u00e9 au fran\u00e7ais tout en utilisant des produits fran\u00e7ais comme le riz qui vient de Camargue.<\/p>\n<p>&nbsp;<\/p>\n<p>&nbsp;<\/p>\n","protected":false},"featured_media":1304,"comment_status":"open","ping_status":"closed","template":"","meta":[],"product_brand":[],"product_cat":[38,39],"product_tag":[],"class_list":{"0":"post-1507","1":"product","2":"type-product","3":"status-publish","6":"product_cat-declasses","7":"product_cat-savons-declasses","9":"first","10":"instock","11":"sale","12":"taxable","13":"shipping-taxable","14":"purchasable","15":"product-type-simple"},"jetpack_likes_enabled":false,"jetpack_sharing_enabled":true,"_links":{"self":[{"href":"https:\/\/www.bubblesforearth.com\/en\/wp-json\/wp\/v2\/product\/1507","targetHints":{"allow":["GET"]}}],"collection":[{"href":"https:\/\/www.bubblesforearth.com\/en\/wp-json\/wp\/v2\/product"}],"about":[{"href":"https:\/\/www.bubblesforearth.com\/en\/wp-json\/wp\/v2\/types\/product"}],"replies":[{"embeddable":true,"href":"https:\/\/www.bubblesforearth.com\/en\/wp-json\/wp\/v2\/comments?post=1507"}],"wp:featuredmedia":[{"embeddable":true,"href":"https:\/\/www.bubblesforearth.com\/en\/wp-json\/wp\/v2\/media\/1304"}],"wp:attachment":[{"href":"https:\/\/www.bubblesforearth.com\/en\/wp-json\/wp\/v2\/media?parent=1507"}],"wp:term":[{"taxonomy":"product_brand","embeddable":true,"href":"https:\/\/www.bubblesforearth.com\/en\/wp-json\/wp\/v2\/product_brand?post=1507"},{"taxonomy":"product_cat","embeddable":true,"href":"https:\/\/www.bubblesforearth.com\/en\/wp-json\/wp\/v2\/product_cat?post=1507"},{"taxonomy":"product_tag","embeddable":true,"href":"https:\/\/www.bubblesforearth.com\/en\/wp-json\/wp\/v2\/product_tag?post=1507"}],"curies":[{"name":"wp","href":"https:\/\/api.w.org\/{rel}","templated":true}]}}