{"id":1506,"date":"2023-01-12T11:46:54","date_gmt":"2023-01-12T09:46:54","guid":{"rendered":"https:\/\/www.bubblesforearth.com\/?post_type=product&#038;p=1506"},"modified":"2026-04-12T15:18:49","modified_gmt":"2026-04-12T13:18:49","slug":"savon-declasse","status":"publish","type":"product","link":"https:\/\/www.bubblesforearth.com\/en\/produit\/savon-declasse","title":{"rendered":"Savon Dhoublon Declasse"},"content":{"rendered":"<p>Voici le fameux Savon \u00e0 La Bi\u00e8re nomm\u00e9 Le Dhoublon car il est \u00e0 la fois doux pour la peau et contient un peu de Houblon gr\u00e2ce \u00e0 la bi\u00e8re qu&#8217;il contient.<\/p>\n<p>C&#8217;est un savon z\u00e9ro d\u00e9chet car il contient de la bi\u00e8re biologique issue de fond de cuve consommable mais trop trouble pour que le brasseur la propose \u00e0 la vente, ainsi avant il la jettait faute de revalorisation. En cr\u00e9ant un partenariat local avec nous,<strong><a href=\"https:\/\/www.brasserie-terrabiere.com\/\" target=\"_blank\" rel=\"noopener noreferrer\">Terrabi\u00e8re <\/a><\/strong>(brasserie bas\u00e9e \u00e0 Deuil-la-barre dans le Val d&#8217;Oise \u00e0 moins de 10 km de la savonnerie) nous confie ses fonds de cuve et ainsi Bubbles For Earth a cr\u00e9\u00e9 le premier savon Z\u00e9ro D\u00e9chet de sa gamme.<\/p>\n<p>Ah oui! Contrairement \u00e0 ce que vous pouvez pensez, non le savon \u00e0 la bi\u00e8re ne sent pas la bi\u00e8re et vous ne sentirez pas la personne de fin de soir\u00e9e qui a trop arros\u00e9 sa soir\u00e9e!<br \/>\nCe savon est sans parfum ni huile essentielle et convient donc \u00e0 toute la famille.<\/p>\n<p>Nos clients nous disent qu&#8217;il sent le pain, les c\u00e9r\u00e9ales, le foin et vous?<\/p>\n<p>La bi\u00e8re est reconnue comme bonne pour la peau, certaines personnes prennent m\u00eame de la levure de bi\u00e8re quotidiennement pour avoir une belle peau alors pourquoi pas en mettre dans des savons !<\/p>\n<p>Voici les ingr\u00e9dients du Dhoublon:<\/p>\n<ul>\n<li><strong>Bi\u00e8re Bio de <a href=\"https:\/\/www.brasserie-terrabiere.com\/\" target=\"_blank\" rel=\"noopener noreferrer\">Terrabi\u00e8re\u00a0<\/a><\/strong> : Remplace l&#8217;eau dans la formule et apporte ses qualit\u00e9s \u00e0 la peau<\/li>\n<li><strong>Huile de coco biologique :<\/strong> Pour la mousse et le c\u00f4t\u00e9 lavant.<\/li>\n<li><strong>Beurre de karit\u00e9 biologique:<\/strong>\u00a0Tr\u00e8s bien pour l\u2019hydratation de la peau et aide \u00e0 sa r\u00e9g\u00e9n\u00e9ration.<\/li>\n<li><strong>Huile de ricin biologique :<\/strong>\u00a0Mousse l\u00e9g\u00e8re et permet \u00e0 la peau de mieux absorber les autres huiles.<\/li>\n<li><strong>Beurre de cacao biologique :<\/strong> M\u00e9ga hydratation, antioxydant et durcit le savon.<\/li>\n<li><strong>Huile de chanvre biologique :<\/strong> Antioxydant, Nourrissante, adoucissante, raffermissante.<\/li>\n<li><strong>Huile de colza biologique :<\/strong> Apporte de l\u2019hydratation et de la mousse en plus.<\/li>\n<\/ul>\n<p>INCI: Sodium Cocoate, Sodium Shea Butterate, Sodium Castorate, Sodium Cocoa Butterate, Beer, Glycerin, Sodium hempseedate, Sodium rapeseedate, Cocos nucifera Oil, Butyrospermum Parkii Butter, ricinus Communis Seed Oil, theobroma Cacao Seed Butter, Cannabis Sativa Seed Oil, Brassica Campestris Seed Oil<\/p>\n<p>Note: L&#8217;huile de chanvre utilis\u00e9e ne contient pas de CBD.<\/p>\n","protected":false},"excerpt":{"rendered":"<p><strong>CE SAVON EST DECLASSE CELA VEUT DIRE QUE:<\/strong><br \/>\n<strong>\u2013 Son poids n\u2019est pas \u00e0 100g mais peut \u00eatre inf\u00e9rieur ou sup\u00e9rieur (pas en-dessous de 90g)<\/strong><br \/>\n<strong>\u2013 Son aspect peut \u00eatre diff\u00e9rent (trous, d\u00e9but de savon, trace prononc\u00e9e du moule)<br \/>\n\u2013 La photo pr\u00e9sent\u00e9e est la photo du savon sous sa forme classique, le savon que vous allez recevoir aura probablement des diff\u00e9rences.<\/strong><\/p>\n<p><strong>Toutefois, il conserve les m\u00eames propri\u00e9t\u00e9s que son \u00e9quivalent classique et cela \u00e9vite un d\u00e9chet \u00e0 la savonnerie.\u00a0<\/strong><\/p>\n<p>Le <strong>Dhoublon<\/strong> est un <strong>savon \u00e0 la bi\u00e8re bio<\/strong> de chez <a href=\"https:\/\/www.brasserie-terrabiere.com\/\" target=\"_blank\" rel=\"noopener\">Terrabi\u00e8re<\/a>. Il est super hydratant et contrairement aux id\u00e9es re\u00e7ues, il ne sent pas la bi\u00e8re (je sais que vous pensez \u00e0 l&#8217;odeur de la personne alcoolis\u00e9e&#8230;.) mais non il a des senteurs de pain complet frais voir de c\u00e9r\u00e9ales.<\/p>\n<p>Il est <strong>sans parfum ni huile essentielle<\/strong> pour \u00eatre compatible avec <strong>tous types de peaux<\/strong>.<\/p>\n<p>C&#8217;est le premier savon de la <strong>gamme #z\u00e9rod\u00e9chets<\/strong><\/p>\n<p>Il fait parti des favoris du savonnier! L&#8217;essayer c&#8217;est l&#8217;adopter.<\/p>\n<p>Il est <strong>surgras \u00e0 7% et contient que des ingr\u00e9dients biologiques.<\/strong><\/p>\n<p>&nbsp;<\/p>\n","protected":false},"featured_media":1303,"comment_status":"open","ping_status":"closed","template":"","meta":[],"product_brand":[],"product_cat":[38,39],"product_tag":[],"class_list":{"0":"post-1506","1":"product","2":"type-product","3":"status-publish","6":"product_cat-declasses","7":"product_cat-savons-declasses","9":"first","10":"instock","11":"sale","12":"taxable","13":"shipping-taxable","14":"purchasable","15":"product-type-simple"},"jetpack_likes_enabled":false,"jetpack_sharing_enabled":true,"_links":{"self":[{"href":"https:\/\/www.bubblesforearth.com\/en\/wp-json\/wp\/v2\/product\/1506","targetHints":{"allow":["GET"]}}],"collection":[{"href":"https:\/\/www.bubblesforearth.com\/en\/wp-json\/wp\/v2\/product"}],"about":[{"href":"https:\/\/www.bubblesforearth.com\/en\/wp-json\/wp\/v2\/types\/product"}],"replies":[{"embeddable":true,"href":"https:\/\/www.bubblesforearth.com\/en\/wp-json\/wp\/v2\/comments?post=1506"}],"wp:featuredmedia":[{"embeddable":true,"href":"https:\/\/www.bubblesforearth.com\/en\/wp-json\/wp\/v2\/media\/1303"}],"wp:attachment":[{"href":"https:\/\/www.bubblesforearth.com\/en\/wp-json\/wp\/v2\/media?parent=1506"}],"wp:term":[{"taxonomy":"product_brand","embeddable":true,"href":"https:\/\/www.bubblesforearth.com\/en\/wp-json\/wp\/v2\/product_brand?post=1506"},{"taxonomy":"product_cat","embeddable":true,"href":"https:\/\/www.bubblesforearth.com\/en\/wp-json\/wp\/v2\/product_cat?post=1506"},{"taxonomy":"product_tag","embeddable":true,"href":"https:\/\/www.bubblesforearth.com\/en\/wp-json\/wp\/v2\/product_tag?post=1506"}],"curies":[{"name":"wp","href":"https:\/\/api.w.org\/{rel}","templated":true}]}}