{"id":1505,"date":"2023-01-12T11:35:40","date_gmt":"2023-01-12T09:35:40","guid":{"rendered":"https:\/\/www.bubblesforearth.com\/?post_type=product&#038;p=1505"},"modified":"2026-04-26T22:27:47","modified_gmt":"2026-04-26T20:27:47","slug":"savon-immortel-declasse","status":"publish","type":"product","link":"https:\/\/www.bubblesforearth.com\/en\/produit\/savon-immortel-declasse","title":{"rendered":"Savon Immortel Declasse"},"content":{"rendered":"<p>Ce savon a \u00e9t\u00e9 con\u00e7u qu&#8217;avec des huiles et beurres aux propri\u00e9t\u00e9s antioxydantes. Il va prendre soin de votre peau et la nettoyer gr\u00e2ce \u00e0 l&#8217;huile de noix de coco saponifi\u00e9e.<\/p>\n<p>Voici la liste des ingr\u00e9dients issus de l&#8217;agriculture biologique:<\/p>\n<ul>\n<li><strong>Beurre de cacao\u00a0:<\/strong> Il va permettre de durcir le savon et va apporter les propri\u00e9t\u00e9s antioxydantes recherch\u00e9es. ll contient plein de vitamines (A,B,C,E).<\/li>\n<li><strong>Huile de coco\u00a0:<\/strong> Pas de c\u00f4t\u00e9 antioxydant mais il faut bien apporter de la mousse au savon.<\/li>\n<li><strong>Huile de noyaux d\u2019abricot\u00a0:<\/strong> Fort antioxydant (plein de vitamines A et E).<\/li>\n<li><strong>Huile d\u2019argan\u00a0:<\/strong> Pour son pouvoir antioxydant et son pouvoir tr\u00e8s hydratant qui est conseill\u00e9 pour les peaux s\u00e8ches ou apr\u00e8s un coup de soleil.<\/li>\n<li><strong>Huile de ricin\u00a0:<\/strong>\u00a0Ici elle va surtout catalyser les autres huiles en assouplissant votre peau. Elle apportera de la mousse.<\/li>\n<li><strong>Huile de chanvre\u00a0:<\/strong> Va finaliser l\u2019aspect Antioxydant et elle va nourrir et adoucir votre peau tout en la raffermissant.<\/li>\n<\/ul>\n<p><strong>INCI:<\/strong><\/p>\n<p>Sodium Cocoa Butterate, Sodium cocoate, aqua, Sodium apricot kernelate, Sodium arganate, Glycerin, Sodium Castorate, Sodium hempseedate, Theobroma Cacao Seed Butter, Cocos nucifera Oil, Prunus armeniaca kernel Oil, Argania Spinosa kernel Oil, Ricinus Communis Seed Oil, Cannabis Sativa Seed Oil<\/p>\n<p><b>Conseils d\u2019utilisation<\/b><b>:<\/b>\u00a0Frotter sous l\u2019eau pour faire mousser (couper l\u2019eau), repartir sur la peau, rincer. Ne pas mettre dans les yeux sinon rincer immediatement et abondamment.<\/p>\n<p><strong>Conservation:\u00a0<\/strong><\/p>\n<p>Je conseille fortement l\u2019utilisation<a href=\"https:\/\/www.bubblesforearth.com\/produit\/porte-savon-aimante-a-ventouse\"> d\u2019un porte savon<\/a> et de le prot\u00e9ger des \u00e9claboussures afin d\u2019\u00e9conomiser du savon et \u00e9viter qu\u2019il ne devienne mou.<\/p>\n<p>Pour la conservation, il est recommand\u00e9 de le conserver au frais et loin des sources de chaleurs importantes.<\/p>\n<p><strong>Proc\u00e9d\u00e9 de fabrication:<\/strong><\/p>\n<p>Tous les savons solides Bubbles For Earth sont faits mains dans le Val-d\u2019Oise \u00e0 Soisy-Sous-montmorency (#madein95) et selon le proc\u00e9d\u00e9 de saponification \u00e0 froid.<\/p>\n<p>La savonnerie est situ\u00e9e dans le d\u00e9partement 95.<\/p>\n","protected":false},"excerpt":{"rendered":"<p><strong>CE SAVON EST DECLASSE CELA VEUT DIRE QUE:<\/strong><br \/>\n<strong>&#8211; Son poids n&#8217;est pas \u00e0 100g mais peut \u00eatre inf\u00e9rieur ou sup\u00e9rieur (pas en-dessous de 90g)<\/strong><br \/>\n<strong>&#8211; Son aspect peut \u00eatre diff\u00e9rent (trous, d\u00e9but de savon, trace prononc\u00e9e du moule)<br \/>\n&#8211; La photo pr\u00e9sent\u00e9e est la photo du savon sous sa forme classique, le savon que vous allez recevoir aura probablement des diff\u00e9rences.<\/strong><\/p>\n<p><strong>Toutefois, il conserve les m\u00eames propri\u00e9t\u00e9s que son \u00e9quivalent classique et cela \u00e9vite un d\u00e9chet \u00e0 la savonnerie.\u00a0<\/strong><\/p>\n<p>Savon <strong>surgras<\/strong> \u00e0 8%<strong> sp\u00e9cial antioxydant<\/strong> \u00e0 base de <strong>beurre de cacao non raffin\u00e9, d&#8217;huile d&#8217;argan,\u00a0 d&#8217;huile de noyaux d&#8217;abricots et huile de chanvre.<\/strong><\/p>\n<p>Il a une tr\u00e8s l\u00e9g\u00e8re <strong>odeur de cacao<\/strong> acidul\u00e9e.<\/p>\n<p>Il est sans parfum et convient \u00e0 toute la famille.<\/p>\n<p><strong>Conseill\u00e9 pour le corps, visage et mains.<\/strong><\/p>\n<p><em>(Voir plus bas la composition exacte)<\/em><\/p>\n","protected":false},"featured_media":1301,"comment_status":"open","ping_status":"closed","template":"","meta":[],"product_brand":[],"product_cat":[38,39],"product_tag":[],"class_list":{"0":"post-1505","1":"product","2":"type-product","3":"status-publish","6":"product_cat-declasses","7":"product_cat-savons-declasses","9":"first","10":"instock","11":"sale","12":"taxable","13":"shipping-taxable","14":"purchasable","15":"product-type-simple"},"jetpack_likes_enabled":false,"jetpack_sharing_enabled":true,"_links":{"self":[{"href":"https:\/\/www.bubblesforearth.com\/en\/wp-json\/wp\/v2\/product\/1505","targetHints":{"allow":["GET"]}}],"collection":[{"href":"https:\/\/www.bubblesforearth.com\/en\/wp-json\/wp\/v2\/product"}],"about":[{"href":"https:\/\/www.bubblesforearth.com\/en\/wp-json\/wp\/v2\/types\/product"}],"replies":[{"embeddable":true,"href":"https:\/\/www.bubblesforearth.com\/en\/wp-json\/wp\/v2\/comments?post=1505"}],"wp:featuredmedia":[{"embeddable":true,"href":"https:\/\/www.bubblesforearth.com\/en\/wp-json\/wp\/v2\/media\/1301"}],"wp:attachment":[{"href":"https:\/\/www.bubblesforearth.com\/en\/wp-json\/wp\/v2\/media?parent=1505"}],"wp:term":[{"taxonomy":"product_brand","embeddable":true,"href":"https:\/\/www.bubblesforearth.com\/en\/wp-json\/wp\/v2\/product_brand?post=1505"},{"taxonomy":"product_cat","embeddable":true,"href":"https:\/\/www.bubblesforearth.com\/en\/wp-json\/wp\/v2\/product_cat?post=1505"},{"taxonomy":"product_tag","embeddable":true,"href":"https:\/\/www.bubblesforearth.com\/en\/wp-json\/wp\/v2\/product_tag?post=1505"}],"curies":[{"name":"wp","href":"https:\/\/api.w.org\/{rel}","templated":true}]}}