{"id":1162,"date":"2022-04-05T15:08:37","date_gmt":"2022-04-05T13:08:37","guid":{"rendered":"https:\/\/www.bubblesforearth.com\/?post_type=product&#038;p=1162"},"modified":"2026-04-18T12:34:55","modified_gmt":"2026-04-18T10:34:55","slug":"savon-orange-cannelle-100-g","status":"publish","type":"product","link":"https:\/\/www.bubblesforearth.com\/en\/produit\/savon-orange-cannelle-100-g","title":{"rendered":"Savon Orange Cannelle &#8211; 100 g"},"content":{"rendered":"<p>Le savon Orange Cannelle est un <strong>savon surgras exfoliant fabriqu\u00e9 dans le Val d&#8217;oise (95) \u00e0 15 km de Paris<\/strong> dans la ville de <strong>Soisy-sous-montmorency.<\/strong><\/p>\n<p>Le parfum d\u00e9licat de ce savon vous relaxera avec son odeur d&#8217;Orange Douce et de Cannelle. Il est tr\u00e8s <strong>peu exfoliant<\/strong> gr\u00e2ce aux <strong>grains de cannelle<\/strong> qu&#8217;il contient ce qui lui apporte aussi sa couleur marron!<\/p>\n<p>Comme tous nos autres savons, le savon Orange Cannelle est issu de la <strong>saponification \u00e0 froid.<\/strong><\/p>\n<p>Voici les huiles biologiques utilis\u00e9es :<strong><br \/>\n<\/strong>&#8211; Huile de noix de coco: Pour la mousse et nettoyer votre peau.<br \/>\n&#8211; Beurre de karit\u00e9: Apporte duret\u00e9 au savon et une hydratation.<br \/>\n&#8211; Huile de colza: Apporte de l\u2019hydratation et de la mousse en plus<br \/>\n&#8211; Huile d&#8217;amande douce: Elle est tr\u00e8s reconnue pour son pouvoir hydratant et apaisant.<br \/>\n&#8211; Cire d&#8217;abeille: Elle est antibact\u00e9rienne et permet de calmer et d\u2019assouplir la peau.<br \/>\n&#8211; Huile de ricin: \u00a0Elle va d\u00e9tendre la peau et permettre \u00e0 celle-ci d\u2019absorber les propri\u00e9t\u00e9s des autres huiles.<\/p>\n<p>Voici les huile essentielles biologiques utilis\u00e9es:<br \/>\n&#8211; Huile essentielle d&#8217;orange douce: Apporte une odeur douce et appaisante<br \/>\n&#8211; Huile essentielle de cannelle: Vous rapellera vos soir\u00e9es de No\u00ebl<br \/>\n&#8211; Huile essentielle de clou de girofle: Apporte un peu de peps \u00e0 l&#8217;odeur.<\/p>\n<p>INCI: Sodium Cocoate, Sodium Shea Butterate, Sodium rapeseedate, aqua, Glycerin, Sodium<br \/>\nSweet almondate, Sodium Beeswax , Sodium Castorate, Citrus Sinensis Peel Oil expressed,<br \/>\nCocos nucifera Oil, Butyrospermum Parkii Butter, Brassica Campestris Seed Oil, Cinnamomum<br \/>\nCassia Bark Powder, Prunus amygdalus Dulcis Oil, Cera alba, Cinnamomum zeylanicum Bark<br \/>\nOil, ricinus Communis Seed Oil, eugenia Caryophyllus Bud Oil, Cinnamal*, eugenol*,<br \/>\nlimonene*, linalool*<br \/>\n*present naturellement dans les huiles essentielles de cannelle, clou de girofle et orange douce<\/p>\n","protected":false},"excerpt":{"rendered":"<p>Le<strong> savon orange cannelle<\/strong> est un savon l\u00e9g\u00e8rement <strong>exfoliant<\/strong> gr\u00e2ce \u00e0 la poudre de cannelle qu&#8217;il contient. Son odeur agr\u00e9able d&#8217;orange douce et de cannelle vous apaisera sous la douche et vous rappellera les soir\u00e9es de No\u00ebl.<\/p>\n<p>Savon surgras \u00e0 froid pour corps, mains et visage fabriqu\u00e9 dans le Val d&#8217;Oise.<\/p>\n<p>Poids: 100 grammes<\/p>\n","protected":false},"featured_media":1302,"comment_status":"open","ping_status":"closed","template":"","meta":[],"product_brand":[],"product_cat":[20],"product_tag":[],"class_list":{"0":"post-1162","1":"product","2":"type-product","3":"status-publish","6":"product_cat-savons-bio-avec-huiles-essentielles","8":"first","9":"instock","10":"taxable","11":"shipping-taxable","12":"purchasable","13":"product-type-simple"},"jetpack_likes_enabled":false,"jetpack_sharing_enabled":true,"_links":{"self":[{"href":"https:\/\/www.bubblesforearth.com\/en\/wp-json\/wp\/v2\/product\/1162","targetHints":{"allow":["GET"]}}],"collection":[{"href":"https:\/\/www.bubblesforearth.com\/en\/wp-json\/wp\/v2\/product"}],"about":[{"href":"https:\/\/www.bubblesforearth.com\/en\/wp-json\/wp\/v2\/types\/product"}],"replies":[{"embeddable":true,"href":"https:\/\/www.bubblesforearth.com\/en\/wp-json\/wp\/v2\/comments?post=1162"}],"wp:featuredmedia":[{"embeddable":true,"href":"https:\/\/www.bubblesforearth.com\/en\/wp-json\/wp\/v2\/media\/1302"}],"wp:attachment":[{"href":"https:\/\/www.bubblesforearth.com\/en\/wp-json\/wp\/v2\/media?parent=1162"}],"wp:term":[{"taxonomy":"product_brand","embeddable":true,"href":"https:\/\/www.bubblesforearth.com\/en\/wp-json\/wp\/v2\/product_brand?post=1162"},{"taxonomy":"product_cat","embeddable":true,"href":"https:\/\/www.bubblesforearth.com\/en\/wp-json\/wp\/v2\/product_cat?post=1162"},{"taxonomy":"product_tag","embeddable":true,"href":"https:\/\/www.bubblesforearth.com\/en\/wp-json\/wp\/v2\/product_tag?post=1162"}],"curies":[{"name":"wp","href":"https:\/\/api.w.org\/{rel}","templated":true}]}}