{"id":7,"date":"2020-04-05T12:18:31","date_gmt":"2020-04-05T12:18:31","guid":{"rendered":"https:\/\/boutiquetest.jaigoff.fr\/panier"},"modified":"2025-11-15T15:16:56","modified_gmt":"2025-11-15T13:16:56","slug":"panier","status":"publish","type":"page","link":"https:\/\/www.bubblesforearth.com\/en\/panier","title":{"rendered":"Panier"},"content":{"rendered":"\n<p>Voici le contenu de votre panier, les frais de livraison seront estim\u00e9s \u00e0 l&#8217;\u00e9tape finale lorsque vous aurez indiqu\u00e9 votre adresse de livraison.<\/p>\n\n\n\n<h6 class=\"wp-block-heading has-luminous-vivid-orange-color has-text-color\">La livraison est gratuite(incluant les code promos)<br>&#8211; A partir de 25 \u20ac en point relais Mondial Relay ou Shop2Shop Chronospost<br>&#8211; A partir de 80 \u20ac en Chronopost \u00e0 domicile<br>&#8211; A partir de 20 \u20ac en livraison \u00e0 v\u00e9lo qui s&#8217;active pour <span class=\"tadv-color\" style=\"color:#ff6900\"><a href=\"https:\/\/www.bubblesforearth.com\/livraison\" data-type=\"page\" data-id=\"208\" target=\"_blank\" rel=\"noreferrer noopener\"><span style=\"text-decoration: underline;\">les villes limitrophes de la savonnerie<\/span> (En savoir plus)<\/a><\/span><\/h6>\n\n\n\n\n\n\n<p><\/p>\n","protected":false},"excerpt":{"rendered":"<p>Voici le contenu de votre panier, les frais de livraison seront estim\u00e9s \u00e0 l&#8217;\u00e9tape finale lorsque vous aurez indiqu\u00e9 votre adresse de livraison. La livraison est gratuite(incluant les code promos)&#8211;<\/p>\n","protected":false},"author":1,"featured_media":0,"parent":0,"menu_order":0,"comment_status":"closed","ping_status":"closed","template":"","meta":{"footnotes":""},"class_list":{"1":"page","2":"type-page","3":"status-publish","4":"hentry"},"jetpack_likes_enabled":false,"jetpack_sharing_enabled":true,"_links":{"self":[{"href":"https:\/\/www.bubblesforearth.com\/en\/wp-json\/wp\/v2\/pages\/7","targetHints":{"allow":["GET"]}}],"collection":[{"href":"https:\/\/www.bubblesforearth.com\/en\/wp-json\/wp\/v2\/pages"}],"about":[{"href":"https:\/\/www.bubblesforearth.com\/en\/wp-json\/wp\/v2\/types\/page"}],"author":[{"embeddable":true,"href":"https:\/\/www.bubblesforearth.com\/en\/wp-json\/wp\/v2\/users\/1"}],"replies":[{"embeddable":true,"href":"https:\/\/www.bubblesforearth.com\/en\/wp-json\/wp\/v2\/comments?post=7"}],"version-history":[{"count":21,"href":"https:\/\/www.bubblesforearth.com\/en\/wp-json\/wp\/v2\/pages\/7\/revisions"}],"predecessor-version":[{"id":2967,"href":"https:\/\/www.bubblesforearth.com\/en\/wp-json\/wp\/v2\/pages\/7\/revisions\/2967"}],"wp:attachment":[{"href":"https:\/\/www.bubblesforearth.com\/en\/wp-json\/wp\/v2\/media?parent=7"}],"curies":[{"name":"wp","href":"https:\/\/api.w.org\/{rel}","templated":true}]}}