{"id":491,"date":"2021-02-02T23:44:46","date_gmt":"2021-02-02T21:44:46","guid":{"rendered":"https:\/\/www.bubblesforearth.com\/?page_id=491"},"modified":"2021-02-02T23:46:52","modified_gmt":"2021-02-02T21:46:52","slug":"porte-savon-aimante-a-ventouse","status":"publish","type":"page","link":"https:\/\/www.bubblesforearth.com\/en\/porte-savon-aimante-a-ventouse","title":{"rendered":"Porte-savon aimant\u00e9 \u00e0 ventouse"},"content":{"rendered":"\n<p><span style=\"background-color:#7bdcb5\" class=\"tadv-background-color\"><span style=\"color:#ffffff\" class=\"tadv-color\">D\u00e9couvrez ce porte-savon minimaliste avec son ing\u00e9nieux syst\u00e8me d&#8217;accroche: une ventouse et une capsule en m\u00e9tal \u00e0 planter dans le savon.<\/span><\/span><\/p>\n\n\n\n<p><\/p>\n","protected":false},"excerpt":{"rendered":"<p>D\u00e9couvrez ce porte-savon minimaliste avec son ing\u00e9nieux syst\u00e8me d&#8217;accroche: une ventouse et une capsule en m\u00e9tal \u00e0 planter dans le savon.<\/p>\n","protected":false},"author":1,"featured_media":475,"parent":0,"menu_order":0,"comment_status":"closed","ping_status":"closed","template":"","meta":{"footnotes":""},"class_list":{"0":"post-491","1":"page","2":"type-page","3":"status-publish","5":"hentry"},"jetpack_likes_enabled":false,"jetpack_sharing_enabled":true,"_links":{"self":[{"href":"https:\/\/www.bubblesforearth.com\/en\/wp-json\/wp\/v2\/pages\/491","targetHints":{"allow":["GET"]}}],"collection":[{"href":"https:\/\/www.bubblesforearth.com\/en\/wp-json\/wp\/v2\/pages"}],"about":[{"href":"https:\/\/www.bubblesforearth.com\/en\/wp-json\/wp\/v2\/types\/page"}],"author":[{"embeddable":true,"href":"https:\/\/www.bubblesforearth.com\/en\/wp-json\/wp\/v2\/users\/1"}],"replies":[{"embeddable":true,"href":"https:\/\/www.bubblesforearth.com\/en\/wp-json\/wp\/v2\/comments?post=491"}],"version-history":[{"count":4,"href":"https:\/\/www.bubblesforearth.com\/en\/wp-json\/wp\/v2\/pages\/491\/revisions"}],"predecessor-version":[{"id":496,"href":"https:\/\/www.bubblesforearth.com\/en\/wp-json\/wp\/v2\/pages\/491\/revisions\/496"}],"wp:featuredmedia":[{"embeddable":true,"href":"https:\/\/www.bubblesforearth.com\/en\/wp-json\/wp\/v2\/media\/475"}],"wp:attachment":[{"href":"https:\/\/www.bubblesforearth.com\/en\/wp-json\/wp\/v2\/media?parent=491"}],"curies":[{"name":"wp","href":"https:\/\/api.w.org\/{rel}","templated":true}]}}