{"id":441,"date":"2021-01-03T12:56:09","date_gmt":"2021-01-03T10:56:09","guid":{"rendered":"https:\/\/www.bubblesforearth.com\/?page_id=441"},"modified":"2021-04-07T23:56:05","modified_gmt":"2021-04-07T21:56:05","slug":"retirons-le-plastique-des-salles-de-bains-zeroplastique","status":"publish","type":"page","link":"https:\/\/www.bubblesforearth.com\/en\/retirons-le-plastique-des-salles-de-bains-zeroplastique","title":{"rendered":"Retirons le plastique des salles de bains #zeroplastique"},"content":{"rendered":"\n<p>Gr\u00e2ce \u00e0 l&#8217;achat de nos savons solides fournis sans emballage plastique, vous participez \u00e0 la lutte contre le plastique dans la nature (rivi\u00e8res, oc\u00e9ans, for\u00eat) et bien qu&#8217;aujourd&#8217;hui le plastique soit en parti recyclable autant \u00e9viter un d\u00e9chet non utile pour les savons solides.<\/p>\n\n\n\n<figure class=\"wp-block-image size-large\"><img data-recalc-dims=\"1\" fetchpriority=\"high\" decoding=\"async\" width=\"640\" height=\"640\" src=\"https:\/\/i0.wp.com\/www.bubblesforearth.com\/wp-content\/uploads\/2020\/12\/2.png?resize=640%2C640&#038;ssl=1\" alt=\"\" class=\"wp-image-444\" srcset=\"https:\/\/i0.wp.com\/www.bubblesforearth.com\/wp-content\/uploads\/2020\/12\/2.png?resize=1024%2C1024&amp;ssl=1 1024w, https:\/\/i0.wp.com\/www.bubblesforearth.com\/wp-content\/uploads\/2020\/12\/2.png?resize=300%2C300&amp;ssl=1 300w, https:\/\/i0.wp.com\/www.bubblesforearth.com\/wp-content\/uploads\/2020\/12\/2.png?resize=150%2C150&amp;ssl=1 150w, https:\/\/i0.wp.com\/www.bubblesforearth.com\/wp-content\/uploads\/2020\/12\/2.png?resize=768%2C768&amp;ssl=1 768w, https:\/\/i0.wp.com\/www.bubblesforearth.com\/wp-content\/uploads\/2020\/12\/2.png?resize=600%2C600&amp;ssl=1 600w, https:\/\/i0.wp.com\/www.bubblesforearth.com\/wp-content\/uploads\/2020\/12\/2.png?resize=100%2C100&amp;ssl=1 100w, https:\/\/i0.wp.com\/www.bubblesforearth.com\/wp-content\/uploads\/2020\/12\/2.png?w=1080&amp;ssl=1 1080w\" sizes=\"(max-width: 640px) 100vw, 640px\" \/><\/figure>\n\n\n\n<p>Voici par ann\u00e9e le nombre de kilos de plastiques non utilis\u00e9s gr\u00e2ce \u00e0 l&#8217;achat de nos savons (lire <a href=\"https:\/\/blog.bubblesforearth.com\/2021-une-annee-zeroplastique\">cet article <\/a>pour conna\u00eetre la m\u00e9thode calcul) :<\/p>\n\n\n\n<figure class=\"wp-block-table is-style-regular\"><table><thead><tr><th>Ann\u00e9e<\/th><th>Kilos de plastiques en moins<\/th><\/tr><\/thead><tbody><tr><td>2021-en cours<\/td><td>14,9 kg<\/td><\/tr><tr><td>2020<\/td><td>7 kg<\/td><\/tr><\/tbody><tfoot><tr><td><strong>Total<\/strong><\/td><td><strong>21,9 kg<\/strong><\/td><\/tr><\/tfoot><\/table><\/figure>\n\n\n\n<p><\/p>\n","protected":false},"excerpt":{"rendered":"<p>Gr\u00e2ce \u00e0 l&#8217;achat de nos savons solides fournis sans emballage plastique, vous participez \u00e0 la lutte contre le plastique dans la nature (rivi\u00e8res, oc\u00e9ans, for\u00eat) et bien qu&#8217;aujourd&#8217;hui le plastique<\/p>\n","protected":false},"author":1,"featured_media":0,"parent":0,"menu_order":100,"comment_status":"closed","ping_status":"closed","template":"","meta":{"footnotes":""},"class_list":{"1":"page","2":"type-page","3":"status-publish","4":"hentry"},"jetpack_likes_enabled":false,"jetpack_sharing_enabled":true,"_links":{"self":[{"href":"https:\/\/www.bubblesforearth.com\/en\/wp-json\/wp\/v2\/pages\/441","targetHints":{"allow":["GET"]}}],"collection":[{"href":"https:\/\/www.bubblesforearth.com\/en\/wp-json\/wp\/v2\/pages"}],"about":[{"href":"https:\/\/www.bubblesforearth.com\/en\/wp-json\/wp\/v2\/types\/page"}],"author":[{"embeddable":true,"href":"https:\/\/www.bubblesforearth.com\/en\/wp-json\/wp\/v2\/users\/1"}],"replies":[{"embeddable":true,"href":"https:\/\/www.bubblesforearth.com\/en\/wp-json\/wp\/v2\/comments?post=441"}],"version-history":[{"count":10,"href":"https:\/\/www.bubblesforearth.com\/en\/wp-json\/wp\/v2\/pages\/441\/revisions"}],"predecessor-version":[{"id":639,"href":"https:\/\/www.bubblesforearth.com\/en\/wp-json\/wp\/v2\/pages\/441\/revisions\/639"}],"wp:attachment":[{"href":"https:\/\/www.bubblesforearth.com\/en\/wp-json\/wp\/v2\/media?parent=441"}],"curies":[{"name":"wp","href":"https:\/\/api.w.org\/{rel}","templated":true}]}}