{"id":408,"date":"2020-12-14T23:58:00","date_gmt":"2020-12-14T21:58:00","guid":{"rendered":"https:\/\/www.bubblesforearth.com\/?page_id=408"},"modified":"2024-11-13T13:57:56","modified_gmt":"2024-11-13T11:57:56","slug":"qui-sommes-nous","status":"publish","type":"page","link":"https:\/\/www.bubblesforearth.com\/en\/qui-sommes-nous","title":{"rendered":"Qui sommes-nous?"},"content":{"rendered":"\n<p>Bubbles For Earth est une savonnerie sous label bio-cosm\u00e9tique Nature &#038; Progr\u00e8s.<\/p>\n\n\n\n<p>La savonnerie est install\u00e9e dans la maison familiale du fondateur \u00e0 Soisy-Sous-Montmorency , Val d\u2019Oise, dans le quartier des fleurs. Elle fabrique des savons solides selon le proc\u00e9d\u00e9 de saponification \u00e0 froid. Cette technique permet de transformer \u00e0 basse temp\u00e9rature des corps gras (Huiles v\u00e9g\u00e9tales chez nous, seule exception la cire d\u2019abeille) en savon via l\u2019ajout d\u2019une solution de soude caustique. La transformation est g\u00e9n\u00e9ralement termin\u00e9e en 3 \u00e0 4 semaines.<\/p>\n\n\n\n<p>Le but principal de la savonnerie et de lutter contre le plastique et les d\u00e9chets inutiles. Vous ne trouverez aucun plastique dans l\u2019emballage des savons et dans nos cartons d\u2019exp\u00e9dition. Nous essayons au maximum de valoriser nos d\u00e9chets produits en leur offrant une seconde vie (exemple&nbsp;: transformation des chutes de savons en lessive pour une utilisation r\u00e9serv\u00e9e au fondateur et sa famille).<\/p>\n\n\n\n<p>La savonnerie ne poss\u00e8de pas de boutiques physiques mais compte sur des revendeurs locaux de la r\u00e9gion parisienne qui partagent les m\u00eames valeurs&nbsp;:<\/p>\n\n\n\n<ul class=\"wp-block-list\">\n<li>Promotion du z\u00e9ro d\u00e9chet<\/li>\n\n\n\n<li>Promotion des artisans locaux<\/li>\n\n\n\n<li>Mise en avant des produits naturels et bio<\/li>\n\n\n\n<li>Lutte contre le plastique<\/li>\n<\/ul>\n\n\n\n<p>La savonnerie livre directement \u00e0 domicile soit \u00e0 v\u00e9lo ou via relais ou colissimo.<\/p>\n","protected":false},"excerpt":{"rendered":"<p>Bubbles For Earth est une savonnerie sous label bio-cosm\u00e9tique Nature &#038; Progr\u00e8s. La savonnerie est install\u00e9e dans la maison familiale du fondateur \u00e0 Soisy-Sous-Montmorency , Val d\u2019Oise, dans le quartier<\/p>\n","protected":false},"author":1,"featured_media":0,"parent":0,"menu_order":0,"comment_status":"closed","ping_status":"closed","template":"","meta":{"footnotes":""},"class_list":{"1":"page","2":"type-page","3":"status-publish","4":"hentry"},"jetpack_likes_enabled":false,"jetpack_sharing_enabled":true,"_links":{"self":[{"href":"https:\/\/www.bubblesforearth.com\/en\/wp-json\/wp\/v2\/pages\/408","targetHints":{"allow":["GET"]}}],"collection":[{"href":"https:\/\/www.bubblesforearth.com\/en\/wp-json\/wp\/v2\/pages"}],"about":[{"href":"https:\/\/www.bubblesforearth.com\/en\/wp-json\/wp\/v2\/types\/page"}],"author":[{"embeddable":true,"href":"https:\/\/www.bubblesforearth.com\/en\/wp-json\/wp\/v2\/users\/1"}],"replies":[{"embeddable":true,"href":"https:\/\/www.bubblesforearth.com\/en\/wp-json\/wp\/v2\/comments?post=408"}],"version-history":[{"count":4,"href":"https:\/\/www.bubblesforearth.com\/en\/wp-json\/wp\/v2\/pages\/408\/revisions"}],"predecessor-version":[{"id":2510,"href":"https:\/\/www.bubblesforearth.com\/en\/wp-json\/wp\/v2\/pages\/408\/revisions\/2510"}],"wp:attachment":[{"href":"https:\/\/www.bubblesforearth.com\/en\/wp-json\/wp\/v2\/media?parent=408"}],"curies":[{"name":"wp","href":"https:\/\/api.w.org\/{rel}","templated":true}]}}