{"id":208,"date":"2020-05-31T13:29:15","date_gmt":"2020-05-31T11:29:15","guid":{"rendered":"https:\/\/boutiquetest.jaigoff.fr\/?page_id=208"},"modified":"2025-07-22T11:38:48","modified_gmt":"2025-07-22T09:38:48","slug":"livraison","status":"publish","type":"page","link":"https:\/\/www.bubblesforearth.com\/en\/livraison","title":{"rendered":"Livraison"},"content":{"rendered":"\n<p>Je vous propose<strong> plusieurs possibilit\u00e9s<\/strong> de livraison en France M\u00e9tropolitaine:<\/p>\n\n\n\n<ul class=\"wp-block-list\">\n<li><strong>Livraison en v\u00e9lo par le savonnier<\/strong> aux alentours de la savonnerie\n<ul class=\"wp-block-list\">\n<li>Villes livr\u00e9es en v\u00e9lo\u00a0:<ul><li>95170 Deuil-la-Barre,95230 Soisy-sous-Montmorency,95600 Eaubonne ,95680 Montlignon<span style=\"color: initial;\">, 95880 Enghien-les-Bains<\/span><\/li><\/ul><\/li>\n\n\n\n<li><strong>Conditions de livraison en v\u00e9lo&nbsp;:<\/strong>\n<ul class=\"wp-block-list\">\n<li>Livraison directement en bo\u00eete aux lettres si bo\u00eete aux lettre standard et accessible<\/li>\n\n\n\n<li>Livraison gratuite d\u00e8s 20\u20ac d&#8217;achat sinon 5\u20ac de frais de livraison<\/li>\n<\/ul>\n<\/li>\n<\/ul>\n<\/li>\n<\/ul>\n\n\n\n<ul class=\"wp-block-list\">\n<li><strong>Chronopost <\/strong>\u00e0 Domicile\n<ul class=\"wp-block-list\">\n<li>D\u00e9lai de livraison entre 1 \u00e0 4 jours . (hors jours f\u00e9ri\u00e9s et week-end et fermeture de la savonnerie)<\/li>\n\n\n\n<li>Offerts d\u00e8s 80 euros d\u2019achats<\/li>\n<\/ul>\n<\/li>\n\n\n\n<li><strong>Point Relais Chronopost Shop2Shop <\/strong>\n<ul class=\"wp-block-list\">\n<li>Choix du point relais \u00e0 la commande (pratique car souvent des commerces avec des grandes amplitudes horaires)<\/li>\n\n\n\n<li>Offert d\u00e8s 25 euros d&#8217;achats<\/li>\n\n\n\n<li>Envoi au maximum sous 2 jours (hors jours f\u00e9ri\u00e9s et week-end et fermeture de la savonnerie) <\/li>\n\n\n\n<li>D\u00e9lai de livraison entre 4 \u00e0 12 jours (hors jours f\u00e9ri\u00e9s et week-end et fermeture de la savonnerie)<\/li>\n<\/ul>\n<\/li>\n\n\n\n<li><strong>Point Relais Mondial Relay<\/strong>\n<ul class=\"wp-block-list\">\n<li>Choix du point relais \u00e0 la commande (pratique car souvent des commerces avec des grandes amplitudes horaires)<\/li>\n\n\n\n<li>Offert d\u00e8s 25 euros d&#8217;achats<\/li>\n\n\n\n<li>Envoi au maximum sous 2 jours (hors jours f\u00e9ri\u00e9s et week-end et fermeture de la savonnerie) <\/li>\n\n\n\n<li>D\u00e9lai de livraison entre 4 \u00e0 12 jours (hors jours f\u00e9ri\u00e9s et week-end et fermeture de la savonnerie)<\/li>\n<\/ul>\n<\/li>\n<\/ul>\n\n\n\n<p><\/p>\n\n\n\n<ul class=\"wp-block-list\">\n<li><strong>Retrait gratuit \u00e0 la savonnerie:<\/strong>\n<ul class=\"wp-block-list\">\n<li>Adresse: Bubbles For Earth &#8211; 31 AVENUE DU MUGUET 95230 SOISY SOUS MONTMORENCY<\/li>\n\n\n\n<li><strong>Retrait Uniquement sur RDV<\/strong><\/li>\n<\/ul>\n<\/li>\n<\/ul>\n\n\n\n<iframe src=\"https:\/\/www.google.com\/maps\/embed?pb=!1m18!1m12!1m3!1d2618.1896532375763!2d2.28648421591796!3d48.98794817930042!2m3!1f0!2f0!3f0!3m2!1i1024!2i768!4f13.1!3m3!1m2!1s0x47e6696c5cb4b5d9%3A0xa34499bedf114925!2sBubbles%20For%20Earth!5e0!3m2!1sfr!2sfr!4v1616075821778!5m2!1sfr!2sfr\" width=\"400\" height=\"300\" style=\"border:0;\" allowfullscreen=\"\" loading=\"lazy\"><\/iframe>\n\n\n\n<p><\/p>\n","protected":false},"excerpt":{"rendered":"<p>Je vous propose plusieurs possibilit\u00e9s de livraison en France M\u00e9tropolitaine:<\/p>\n","protected":false},"author":1,"featured_media":0,"parent":0,"menu_order":0,"comment_status":"closed","ping_status":"closed","template":"","meta":{"footnotes":""},"class_list":{"1":"page","2":"type-page","3":"status-publish","4":"hentry"},"jetpack_likes_enabled":false,"jetpack_sharing_enabled":true,"_links":{"self":[{"href":"https:\/\/www.bubblesforearth.com\/en\/wp-json\/wp\/v2\/pages\/208","targetHints":{"allow":["GET"]}}],"collection":[{"href":"https:\/\/www.bubblesforearth.com\/en\/wp-json\/wp\/v2\/pages"}],"about":[{"href":"https:\/\/www.bubblesforearth.com\/en\/wp-json\/wp\/v2\/types\/page"}],"author":[{"embeddable":true,"href":"https:\/\/www.bubblesforearth.com\/en\/wp-json\/wp\/v2\/users\/1"}],"replies":[{"embeddable":true,"href":"https:\/\/www.bubblesforearth.com\/en\/wp-json\/wp\/v2\/comments?post=208"}],"version-history":[{"count":28,"href":"https:\/\/www.bubblesforearth.com\/en\/wp-json\/wp\/v2\/pages\/208\/revisions"}],"predecessor-version":[{"id":2822,"href":"https:\/\/www.bubblesforearth.com\/en\/wp-json\/wp\/v2\/pages\/208\/revisions\/2822"}],"wp:attachment":[{"href":"https:\/\/www.bubblesforearth.com\/en\/wp-json\/wp\/v2\/media?parent=208"}],"curies":[{"name":"wp","href":"https:\/\/api.w.org\/{rel}","templated":true}]}}