{"id":197,"date":"2020-05-30T22:39:24","date_gmt":"2020-05-30T20:39:24","guid":{"rendered":"https:\/\/boutiquetest.jaigoff.fr\/?page_id=197"},"modified":"2020-06-07T22:48:35","modified_gmt":"2020-06-07T20:48:35","slug":"bienvenue-aux-testeurs","status":"publish","type":"page","link":"https:\/\/www.bubblesforearth.com\/en\/bienvenue-aux-testeurs","title":{"rendered":"Bienvenue aux testeurs"},"content":{"rendered":"\n<p>Je vous donne acc\u00e8s \u00e0 ma future boutique d&#8217;e-commerce. Vous pouvez commander comme sur un site classique mais <strong>aucun paiement ne sera d\u00fb<\/strong>. <\/p>\n\n\n\n<p>Bon choix et bonnes bulles, merci encore de votre aide.  Moins de plastiques dans les oc\u00e9ans gr\u00e2ce \u00e0 vous !<\/p>\n\n\n\n<p><\/p>\n","protected":false},"excerpt":{"rendered":"<p>Je vous donne acc\u00e8s \u00e0 ma future boutique d&#8217;e-commerce. Vous pouvez commander comme sur un site classique mais aucun paiement ne sera d\u00fb. Bon choix et bonnes bulles, merci encore<\/p>\n","protected":false},"author":1,"featured_media":238,"parent":0,"menu_order":0,"comment_status":"closed","ping_status":"closed","template":"","meta":{"footnotes":""},"class_list":{"0":"post-197","1":"page","2":"type-page","3":"status-publish","5":"hentry"},"jetpack_likes_enabled":false,"jetpack_sharing_enabled":true,"_links":{"self":[{"href":"https:\/\/www.bubblesforearth.com\/en\/wp-json\/wp\/v2\/pages\/197","targetHints":{"allow":["GET"]}}],"collection":[{"href":"https:\/\/www.bubblesforearth.com\/en\/wp-json\/wp\/v2\/pages"}],"about":[{"href":"https:\/\/www.bubblesforearth.com\/en\/wp-json\/wp\/v2\/types\/page"}],"author":[{"embeddable":true,"href":"https:\/\/www.bubblesforearth.com\/en\/wp-json\/wp\/v2\/users\/1"}],"replies":[{"embeddable":true,"href":"https:\/\/www.bubblesforearth.com\/en\/wp-json\/wp\/v2\/comments?post=197"}],"version-history":[{"count":4,"href":"https:\/\/www.bubblesforearth.com\/en\/wp-json\/wp\/v2\/pages\/197\/revisions"}],"predecessor-version":[{"id":234,"href":"https:\/\/www.bubblesforearth.com\/en\/wp-json\/wp\/v2\/pages\/197\/revisions\/234"}],"wp:featuredmedia":[{"embeddable":true,"href":"https:\/\/www.bubblesforearth.com\/en\/wp-json\/wp\/v2\/media\/238"}],"wp:attachment":[{"href":"https:\/\/www.bubblesforearth.com\/en\/wp-json\/wp\/v2\/media?parent=197"}],"curies":[{"name":"wp","href":"https:\/\/api.w.org\/{rel}","templated":true}]}}