{"id":1862,"date":"2023-08-30T18:15:28","date_gmt":"2023-08-30T16:15:28","guid":{"rendered":"https:\/\/www.bubblesforearth.com\/?page_id=1862"},"modified":"2024-01-12T13:22:09","modified_gmt":"2024-01-12T11:22:09","slug":"ateliers","status":"publish","type":"page","link":"https:\/\/www.bubblesforearth.com\/en\/ateliers","title":{"rendered":"Ateliers"},"content":{"rendered":"\n<p>La savonnerie vous propose plusieurs ateliers tout au long de l&#8217;ann\u00e9e \u00e0 Pontoise au sein de l&#8217;association Po\u00e9sie des savoir-faire dans un Lieu magique (15 AVENUE DU GENERAL DELARUE 95300 PONTOISE)<\/p>\n\n\n\n<figure class=\"wp-block-image size-large\"><img data-recalc-dims=\"1\" decoding=\"async\" src=\"https:\/\/i0.wp.com\/www.poesiedessavoirfaire.fr\/wp-content\/uploads\/2023\/08\/20230513_193947-scaled.jpg?w=640&#038;ssl=1\" alt=\"\"\/><\/figure>\n\n\n\n<p>Voici les ateliers propos\u00e9s:<\/p>\n\n\n\n<ul class=\"wp-block-list\">\n<li><strong>Apprendre \u00e0 r\u00e9aliser un savon cosm\u00e9tique sans parfum(2h): <\/strong>Apprenez les bases de la savonnerie, fabriquez un savon d&#8217;un kilo environ et vous repartirez avec .<br><\/li>\n\n\n\n<li><strong>Apprendre \u00e0 r\u00e9aliser un savon m\u00e9nager multi-usages (2h): <\/strong>Apprenez \u00e0 formuler votre savon m\u00e9nager utilisable pour la vaisselle, le sol et la lessive. Vous pouvez m\u00eame apporter votre huile de friture usag\u00e9e pour la transformer en savon.<br><\/li>\n\n\n\n<li><strong>Fabriquez vos produits d&#8217;entretien (1h):<\/strong> Apprenez \u00e0 faire vos pastilles ou poudre de lave vaisselle et un nettoyant anticalcaire nettoyant. <br><\/li>\n\n\n\n<li><strong>Fabriquez votre lessive (30min): <\/strong>Apprenez \u00e0 formuler votre lessive et repartez avec votre bouteille de lessive.<br><\/li>\n\n\n\n<li><strong>Atelier du P&#8217;tit savonnier (1h):<\/strong> Votre enfant d\u00e9couvrira le monde de la savonnerie et r\u00e9alisera son propre savon (\u00e0 partir de l&#8217;Amande Kids). Pr\u00e9voir des v\u00eatements salissables et pr\u00e9sence d&#8217;un responsable l\u00e9gal obligatoire (seul l&#8217;enfant paie sa place).<\/li>\n<\/ul>\n\n\n\n<div class=\"wp-block-buttons is-layout-flex wp-block-buttons-is-layout-flex\">\n<div class=\"wp-block-button has-custom-width wp-block-button__width-100 has-custom-font-size has-medium-font-size\"><a class=\"wp-block-button__link has-white-color has-text-color wp-element-button\" href=\"https:\/\/www.poesiedessavoirfaire.fr\/nos-ateliers-creatifs\" style=\"border-radius:39px\" target=\"_blank\" rel=\"noreferrer noopener\">Voir les dates et tarifs d&#8217;ateliers <\/a><\/div>\n<\/div>\n\n\n\n<p>La r\u00e9servation et paiement s&#8217;effectue sur le site<a href=\"https:\/\/www.poesiedessavoirfaire.fr\" target=\"_blank\" rel=\"noreferrer noopener\"> www.poesiedessavoirfaire.fr<\/a>.<\/p>\n\n\n\n<p><\/p>\n","protected":false},"excerpt":{"rendered":"<p>La savonnerie vous propose plusieurs ateliers tout au long de l&#8217;ann\u00e9e \u00e0 Pontoise au sein de l&#8217;association Po\u00e9sie des savoir-faire dans un Lieu magique (15 AVENUE DU GENERAL DELARUE 95300<\/p>\n","protected":false},"author":1,"featured_media":0,"parent":0,"menu_order":0,"comment_status":"closed","ping_status":"closed","template":"","meta":{"footnotes":""},"class_list":{"1":"page","2":"type-page","3":"status-publish","4":"hentry"},"jetpack_likes_enabled":false,"jetpack_sharing_enabled":true,"_links":{"self":[{"href":"https:\/\/www.bubblesforearth.com\/en\/wp-json\/wp\/v2\/pages\/1862","targetHints":{"allow":["GET"]}}],"collection":[{"href":"https:\/\/www.bubblesforearth.com\/en\/wp-json\/wp\/v2\/pages"}],"about":[{"href":"https:\/\/www.bubblesforearth.com\/en\/wp-json\/wp\/v2\/types\/page"}],"author":[{"embeddable":true,"href":"https:\/\/www.bubblesforearth.com\/en\/wp-json\/wp\/v2\/users\/1"}],"replies":[{"embeddable":true,"href":"https:\/\/www.bubblesforearth.com\/en\/wp-json\/wp\/v2\/comments?post=1862"}],"version-history":[{"count":3,"href":"https:\/\/www.bubblesforearth.com\/en\/wp-json\/wp\/v2\/pages\/1862\/revisions"}],"predecessor-version":[{"id":2008,"href":"https:\/\/www.bubblesforearth.com\/en\/wp-json\/wp\/v2\/pages\/1862\/revisions\/2008"}],"wp:attachment":[{"href":"https:\/\/www.bubblesforearth.com\/en\/wp-json\/wp\/v2\/media?parent=1862"}],"curies":[{"name":"wp","href":"https:\/\/api.w.org\/{rel}","templated":true}]}}